{"id":5492,"date":"2023-10-24T14:15:18","date_gmt":"2023-10-24T17:15:18","guid":{"rendered":"https:\/\/marciomiranda.com.br\/site\/?page_id=5492"},"modified":"2025-07-31T15:21:17","modified_gmt":"2025-07-31T18:21:17","slug":"vendedor-campeao","status":"publish","type":"page","link":"https:\/\/marciomiranda.com.br\/site\/vendedor-campeao\/","title":{"rendered":"Palestrante de Vendas M\u00e1rcio Miranda | M\u00e9todo O Vendedor Campe\u00e3o"},"content":{"rendered":"<p>Ligue para:&nbsp;(11) 4117-8810 | (11) 3280-5464<\/p>\n<p>I<\/p>\n<p><a class=\"op3-element__link op3-element-icon__link op3-link\" href=\"https:\/\/www.facebook.com\/MarcioMirandaWorkshop\" target=\"_blank\" data-op-action=\"link\" data-op-select-funnel-step=\"\" data-op3-smooth-scroll=\"0\" rel=\"noopener\"><\/a><a class=\"op3-element__link op3-element-icon__link op3-link\" href=\"https:\/\/br.linkedin.com\/in\/marciomiranda10\" target=\"_blank\" data-op-action=\"link\" data-op-select-funnel-step=\"\" data-op3-smooth-scroll=\"0\" rel=\"noopener\"><\/a><a class=\"op3-element__link op3-element-icon__link op3-link\" href=\"https:\/\/www.instagram.com\/marcioworkshop\/\" target=\"_blank\" data-op-action=\"link\" data-op-select-funnel-step=\"\" data-op3-smooth-scroll=\"0\" rel=\"noopener\"><\/a><a class=\"op3-element__link op3-element-icon__link op3-link\" href=\"https:\/\/www.youtube.com\/user\/workshop2011\" target=\"_blank\" data-op-action=\"link\" data-op-select-funnel-step=\"\" data-op3-smooth-scroll=\"0\" rel=\"noopener\"><\/a><a class=\"op3-element__link op3-element-icon__link op3-link\" href=\"https:\/\/api.whatsapp.com\/send?phone=5511991097186\" target=\"_blank\" data-op-action=\"link\" data-op-select-funnel-step=\"\" data-op3-smooth-scroll=\"0\" rel=\"noopener\"><\/a><\/p>\n<p>I<\/p>\n<p><a href=\"https:\/\/membros.ovendedorcampeao.com.br\/\" class=\"op3-link op3-background-ancestor\" target=\"_blank\" data-op-action=\"link\" data-op-select-funnel-step=\"\" data-op3-smooth-scroll=\"0\" data-op-effect-style=\"\" data-op-effect-style-hover=\"\" data-op-courseaction=\"\" rel=\"noopener\">Login<\/a><a href=\"https:\/\/marciomiranda.com.br\/site\" target=\"_self\" data-op-action=\"link\" data-op-select-funnel-step=\"\" data-op3-smooth-scroll=\"0\" rel=\"noopener\"><img loading=\"lazy\" decoding=\"async\" src=\"https:\/\/marciomiranda.com.br\/site\/wp-content\/uploads\/2020\/07\/logo-preto-300x120-1.png\" alt=\"Palestrante de Vendas M\u00e1rcio Miranda\" title=\"Palestrante de Vendas M\u00e1rcio Miranda\" width=\"300\" height=\"120\" data-op3-attachment-id=\"2644\" \/><\/a><a href=\"https:\/\/wa.me\/5511991097186?text=Ol%C3%A1%2C+gostaria+de+saber+mais+sobre+Cursos+e+Treinamentos...\" class=\"op3-link op3-background-ancestor\" target=\"_blank\" data-op-action=\"link\" data-op-select-funnel-step=\"\" data-op3-smooth-scroll=\"0\" data-op-effect-style=\"\" data-op-effect-style-hover=\"\" data-op-courseaction=\"\" rel=\"noopener\">ATENDIMENTO<\/a><\/p>\n<h2>VOC\u00ca \u00c9 UM GESTOR COMERCIAL E SABE QUE PRECISA TER VENDEDORES CAMPE\u00d5ES<\/h2>\n<h2>Os desafios para um gestor moderno na \u00e1rea comercial s\u00e3o enormes:<\/h2>\n<p>Bater as metas todos os mesesEncontrar e contratar bons vendedoresCapacitar de forma continuada seus vendedoresDiminuir a rotatividade da equipeLiderar e motivar os vendedores \u00e0 dist\u00e2nciaEncontrar tempo para fazer tudo isso e muito mais&#8230;<\/p>\n<p>Com o novo sistema de treinamento O Vendedor Campe\u00e3o voc\u00ea vai conseguir excelentes resultados e ainda ter tempo para desenvolver novos projetos.<\/p>\n<p><a href=\"https:\/\/wa.me\/5511991097186?text=Ol%C3%A1%2C+gostaria+de+saber+mais+sobre+o+M%C3%A9todo+Vendedor+Campe%C3%A3o...\" class=\"op3-link op3-background-ancestor\" target=\"_blank\" data-op-action=\"link\" data-op-select-funnel-step=\"\" data-op3-smooth-scroll=\"0\" data-op-effect-style=\"\" data-op-effect-style-hover=\"\" data-op-courseaction=\"\" rel=\"noopener\">FALE COM CONSULTOR<\/a><img loading=\"lazy\" decoding=\"async\" src=\"https:\/\/marciomiranda.com.br\/site\/wp-content\/uploads\/2023\/09\/convite-masterclass.webp\" alt=\"\" title=\"convite-masterclass\" width=\"500\" height=\"400\" data-op3-attachment-id=\"5389\" \/><\/p>\n<p class=\"op3-counter\" data-op3-counter-start=\"0\" data-op3-counter-end=\"500000\" data-op3-counter-animation-duration=\"1sec\" data-op3-counter-separator=\".\">\n<p>Profissionais Treinados<\/p>\n<p>Empresas que utilizam nossa Metodologia:<\/p>\n<p><img loading=\"lazy\" decoding=\"async\" src=\"https:\/\/marciomiranda.com.br\/site\/wp-content\/uploads\/2021\/12\/csn-cinza.png\" alt=\"M\u00e1rcio Miranda Palestrante de Vendas\" title=\"Parceiros do M\u00e1rcio Miranda\" width=\"404\" height=\"185\" data-op3-attachment-id=\"3483\" \/><img loading=\"lazy\" decoding=\"async\" src=\"https:\/\/marciomiranda.com.br\/site\/wp-content\/uploads\/2021\/12\/sanofi-cinza.png\" alt=\"M\u00e1rcio Miranda Palestrante de Vendas\" title=\"Parceiros do M\u00e1rcio Miranda\" width=\"404\" height=\"185\" data-op3-attachment-id=\"3492\" \/><img loading=\"lazy\" decoding=\"async\" src=\"https:\/\/marciomiranda.com.br\/site\/wp-content\/uploads\/2021\/12\/cocacola-cinza.png\" alt=\"M\u00e1rcio Miranda Palestrante de Vendas\" title=\"Parceiros do M\u00e1rcio Miranda\" width=\"404\" height=\"185\" data-op3-attachment-id=\"3482\" \/><img loading=\"lazy\" decoding=\"async\" src=\"https:\/\/marciomiranda.com.br\/site\/wp-content\/uploads\/2021\/12\/bunge-cinza.png\" alt=\"M\u00e1rcio Miranda Palestrante de Vendas\" title=\"Parceiros do M\u00e1rcio Miranda\" width=\"404\" height=\"185\" data-op3-attachment-id=\"3481\" \/><img loading=\"lazy\" decoding=\"async\" src=\"https:\/\/marciomiranda.com.br\/site\/wp-content\/uploads\/2021\/12\/record-cinza.png\" alt=\"M\u00e1rcio Miranda Palestrante de Vendas\" title=\"Parceiros do M\u00e1rcio Miranda\" width=\"404\" height=\"185\" data-op3-attachment-id=\"3490\" \/><img loading=\"lazy\" decoding=\"async\" src=\"https:\/\/marciomiranda.com.br\/site\/wp-content\/uploads\/2021\/12\/philips-cinza.png\" alt=\"M\u00e1rcio Miranda Palestrante de Vendas\" title=\"Parceiros do M\u00e1rcio Miranda\" width=\"404\" height=\"185\" data-op3-attachment-id=\"3489\" \/><img loading=\"lazy\" decoding=\"async\" src=\"https:\/\/marciomiranda.com.br\/site\/wp-content\/uploads\/2021\/12\/globo-cinza.png\" alt=\"M\u00e1rcio Miranda Palestrante de Vendas\" title=\"Parceiros do M\u00e1rcio Miranda\" width=\"404\" height=\"185\" data-op3-attachment-id=\"3484\" \/><img loading=\"lazy\" decoding=\"async\" src=\"https:\/\/marciomiranda.com.br\/site\/wp-content\/uploads\/2021\/12\/aurora-cinza.png\" alt=\"M\u00e1rcio Miranda Palestrante de Vendas\" title=\"Parceiros do M\u00e1rcio Miranda\" width=\"404\" height=\"185\" data-op3-attachment-id=\"3478\" \/><img loading=\"lazy\" decoding=\"async\" src=\"https:\/\/marciomiranda.com.br\/site\/wp-content\/uploads\/2021\/12\/hipermarcas-cinza.png\" alt=\"M\u00e1rcio Miranda Palestrante de Vendas\" title=\"Parceiros do M\u00e1rcio Miranda\" width=\"404\" height=\"185\" data-op3-attachment-id=\"3485\" \/><img loading=\"lazy\" decoding=\"async\" src=\"https:\/\/marciomiranda.com.br\/site\/wp-content\/uploads\/2021\/12\/vale-cinza.png\" alt=\"M\u00e1rcio Miranda Palestrante de Vendas\" title=\"Parceiros do M\u00e1rcio Miranda\" width=\"404\" height=\"185\" data-op3-attachment-id=\"3495\" \/><img loading=\"lazy\" decoding=\"async\" src=\"https:\/\/marciomiranda.com.br\/site\/wp-content\/uploads\/2021\/12\/roche-cinza.png\" alt=\"M\u00e1rcio Miranda Palestrante de Vendas\" title=\"Parceiros do M\u00e1rcio Miranda\" width=\"404\" height=\"185\" data-op3-attachment-id=\"3491\" \/><img loading=\"lazy\" decoding=\"async\" src=\"https:\/\/marciomiranda.com.br\/site\/wp-content\/uploads\/2021\/12\/bradesco-cinza.png\" alt=\"M\u00e1rcio Miranda Palestrante de Vendas\" title=\"Parceiros do M\u00e1rcio Miranda\" width=\"404\" height=\"185\" data-op3-attachment-id=\"3479\" \/><img loading=\"lazy\" decoding=\"async\" src=\"https:\/\/marciomiranda.com.br\/site\/wp-content\/uploads\/2021\/12\/nespresso-cinza-2.png\" alt=\"M\u00e1rcio Miranda Palestrante de Vendas\" title=\"Parceiros do M\u00e1rcio Miranda\" width=\"404\" height=\"185\" data-op3-attachment-id=\"3487\" \/><\/p>\n<h2>N\u00e3o existe segundo lugar em vendas! Treine sua equipe para ser a melhor e n\u00e3o perder clientes ou conceder descontos desnecess\u00e1rios!<\/h2>\n<p><img loading=\"lazy\" decoding=\"async\" src=\"https:\/\/marciomiranda.com.br\/site\/wp-content\/uploads\/2023\/10\/vendedor-campeao-marcio-miranda-3.png\" alt=\"M\u00e9todo O Vendedor Campe\u00e3o com M\u00e1rcio Miranda\" title=\"M\u00e9todo O Vendedor Campe\u00e3o com M\u00e1rcio Miranda\" width=\"448\" height=\"675\" data-op3-attachment-id=\"5496\" \/><\/p>\n<h2>Conhe\u00e7a o novo Programa Continuado de Treinamento &#8220;O Vendedor Campe\u00e3o\u201d. Este curso pr\u00e1tico e completo foi desenvolvido para auxiliar gestores a treinar suas equipes e transform\u00e1-las em vendedores de alto desempenho que superam metas e lideram o mercado.<\/h2>\n<p>Vis\u00e3o Geral<\/p>\n<p>Neste programa, seu vendedor vai conhecer todas as novas t\u00e9cnicas e estrat\u00e9gias necess\u00e1rias para vender mais e negociar melhor.<\/p>\n<p>Apresentado de forma descontra\u00edda e enriquecido com exemplos do cotidiano, M\u00e1rcio Miranda e Dennis Miranda, v\u00e3o fornecer orienta\u00e7\u00f5es passo a passo, abrangendo desde a prospec\u00e7\u00e3o at\u00e9 o fechamento de vendas bem-sucedidas e mais lucrativas.<\/p>\n<p>Flexibilidade de Aprendizado<\/p>\n<p>Este programa est\u00e1 dispon\u00edvel 24 horas por dia, 7 dias por semana, para que voc\u00ea e sua equipe possam aprender no ritmo e disponibilidade que melhor se adequam \u00e0s suas necessidades.&nbsp;<\/p>\n<p>Moderno, din\u00e2mico e com resultados comprovados, o Programa de Treinamento &#8220;Vendedor Campe\u00e3o&#8221; \u00e9 a chave para o sucesso de sua equipe de vendas.<\/p>\n<p>Valida\u00e7\u00e3o e Sucesso Comprovado<\/p>\n<p>O conte\u00fado deste programa \u00e9 aprovado e validado por muitas das maiores empresas brasileiras h\u00e1 mais de 30 anos. Al\u00e9m disso, \u00e9 utilizado com sucesso por mais de 850.000 vendedores em todo o Brasil, Portugal e EUA.<\/p>\n<p>Esta \u00e9 a oportunidade que voc\u00ea tem de capacitar sua equipe com t\u00e9cnicas e estrat\u00e9gias comprovadas que os tornar\u00e3o Campe\u00f5es de Vendas.<\/p>\n<p><a href=\"https:\/\/wa.me\/5511991097186?text=Ol%C3%A1%2C+gostaria+de+saber+mais+sobre+o+M%C3%A9todo+Vendedor+Campe%C3%A3o...\" class=\"op3-link op3-background-ancestor\" target=\"_blank\" data-op-action=\"link\" data-op-select-funnel-step=\"\" data-op3-smooth-scroll=\"0\" data-op-effect-style=\"\" data-op-effect-style-hover=\"\" data-op-courseaction=\"\" rel=\"noopener\">FALE COM CONSULTOR<\/a><\/p>\n<p>Ao participar do Programa Cont\u00ednuo de Treinamento &#8220;Vendedor Campe\u00e3o&#8221;, voc\u00ea e sua equipe estar\u00e3o prontos para superar desafios, bater metas e se tornar a equipe campe\u00e3 no mercado de vendas. <\/p>\n<p>Comece a jornada para o sucesso hoje mesmo!<\/p>\n<h2>Obtenha respostas esclarecedoras para suas perguntas mais frequentes e como podemos levar sua equipe de vendas ao topo.<\/h2>\n<h2>Respostas em V\u00eddeo<\/h2>\n<p>Treinamento pela Internet funciona? O que \u00e9 um sistema h\u00edbrido de capacita\u00e7\u00e3o?<\/p>\n<p>Qual a dura\u00e7\u00e3o do curso? \u00c9 atualizado?<\/p>\n<p>Quais as maiores vantagens para a empresa? E para o participante?<\/p>\n<p>O Gestor tem algum tipo de controle sobre a participa\u00e7\u00e3o do vendedor?<\/p>\n<p>Como o vendedor pode tirar as d\u00favidas?<\/p>\n<p>Quais temas s\u00e3o abordados?<\/p>\n<p>O m\u00e9todo foi desenvolvido por quem?<\/p>\n<p>Existe alguma din\u00e2mica ao vivo com os professores?<\/p>\n<p>Existem provas, artigos ou livros no curso?<\/p>\n<p>Dispon\u00edvel por quanto tempo?<\/p>\n<p><a href=\"https:\/\/wa.me\/5511991097186?text=Ol%C3%A1%2C+gostaria+de+saber+mais+sobre+o+M%C3%A9todo+Vendedor+Campe%C3%A3o...\" class=\"op3-link op3-background-ancestor\" target=\"_blank\" data-op-action=\"link\" data-op-select-funnel-step=\"\" data-op3-smooth-scroll=\"0\" data-op-effect-style=\"\" data-op-effect-style-hover=\"\" data-op-courseaction=\"\" rel=\"noopener\">FALE COM CONSULTOR<\/a><\/p>\n<h2>Do que se trata o m\u00e9todo&nbsp;Vendedor Campe\u00e3o?<\/h2>\n<h4>\u00c1rea de Membros<\/h4>\n<p>Voc\u00ea ter\u00e1 acesso a uma \u00c1rea Exclusiva de Membros. V\u00eddeo Aulas organizadas por m\u00f3dulos, Treinamentos B\u00f4nus, Material para Downloads, Replay das Mentorias ao Vivo&#8230;<\/p>\n<h4>Curso 100% Online<\/h4>\n<p>Nosso sistema moderno proporciona ao aluno a melhor experi\u00eancia online de aprendizado e estudo, tudo isso alinhado com o melhor conte\u00fado sobre vendas&#8230;<\/p>\n<h2>Mentorias Ao Vivo<\/h2>\n<p>Voc\u00ea ter\u00e1 acesso exclusivo a todas as mentorias online ao vivo (LIVE) com M\u00e1rcio Miranda diretamente da \u00e1rea de membros, ideal para tirar d\u00favidas e falar diretamente com o mentor deste curso&#8230;<\/p>\n<h4>Aplica\u00e7\u00e3o Imediata<\/h4>\n<p>Comprovadamente, logo ap\u00f3s o treinamento, sua equipe vai vender melhor e com mais facilidade. As informa\u00e7\u00f5es s\u00e3o pr\u00e1ticas e podem ser aplicadas logo ap\u00f3s este curso.<\/p>\n<h4>Alto Padr\u00e3o<\/h4>\n<p>Este \u00e9 um curso h\u00edbrido, com aulas em v\u00eddeo on demand e acesso ao vivo aos mentores. \u00c9 o resultado da experi\u00eancia de M\u00e1rcio Miranda no Brasil e exterior. O curso \u00e9 bem-humorado, interativo e pr\u00e1tico.<\/p>\n<h4>Alta Reten\u00e7\u00e3o<\/h4>\n<p>As t\u00e9cnicas ensinadas s\u00e3o reais, n\u00e3o acad\u00eamicas, e por isso s\u00e3o lembradas e utilizadas anos ap\u00f3s o curso.  Voc\u00ea n\u00e3o vai apenas assistir o curso, e sim participar e aprender de verdade!<\/p>\n<h3>&nbsp;Est\u00e1 preparado&nbsp;&nbsp;para fazer da sua equipe um time imbat\u00edvel e que traz resultados expressivos para sua empresa?<\/h3>\n<p>Prepare seus vendedores para o sucesso com &#8220;O Vendedor Campe\u00e3o&#8221; e alcance resultados extraordin\u00e1rios.<\/p>\n<p><a href=\"https:\/\/wa.me\/5511991097186?text=Ol%C3%A1%2C+gostaria+de+saber+mais+sobre+o+M%C3%A9todo+Vendedor+Campe%C3%A3o...\" class=\"op3-link op3-background-ancestor\" target=\"_self\" data-op-action=\"link\" data-op-select-funnel-step=\"\" data-op3-smooth-scroll=\"0\" data-op-effect-style=\"\" data-op-effect-style-hover=\"\" data-op-courseaction=\"nextLessonInCourse\" rel=\"noopener\">QUERO TREINAR MINHA EQUIPE<\/a><\/p>\n<p>oU<\/p>\n<h3>Ainda n\u00e3o est\u00e1 convencido?<\/h3>\n<p>Mais alguns motivos para participar&#8230;<\/p>\n<h2>Quem \u00e9 o Mentor M\u00e1rcio Miranda?<\/h2>\n<p>M\u00e1rcio Miranda \u00e9 especialista em vendas e negocia\u00e7\u00e3o e autor de cinco livros sobre vendas. Com linguagem pr\u00e1tica e exemplos reais, suas t\u00e9cnicas s\u00e3o aplic\u00e1veis no dia seguinte ao curso.&nbsp;<\/p>\n<p>M\u00e1rcio tamb\u00e9m \u00e9 criador de mais de 900 v\u00eddeos de vendas e negocia\u00e7\u00e3o e \u00e9 especializado em estrat\u00e9gias de crescimento para pequenas e m\u00e9dias empresas.&nbsp;<\/p>\n<p>Seus programas em v\u00eddeo e \u00e1udio foram l\u00edderes de ranking na Apple iTunes por cinco anos consecutivos, foi comentarista da Rede Globo no programa &#8220;Pequenas Empresas, Grandes Neg\u00f3cios&#8221; e agora participa como comentarista da r\u00e1dio JovemPan em S\u00e3o Paulo.<\/p>\n<h2>Quem conhece Aprova e Recomenda!<\/h2>\n<p>Veja o testemunho de Edilson Lopes | CEO do Grupo KLA, e entenda porque 82 das 100 maiores empresas capacitam suas equipes com M\u00e1rcio Miranda!<\/p>\n<h2>Quem conhece recomenda e aprova os treinamentos elaborados pelo Mentor M\u00e1rcio Miranda<\/h2>\n<p>&#8220;O M\u00e1rcio mudou a forma que pensamos sobre negocia\u00e7\u00e3o, ele mudou a atitude de todas as minhas funcion\u00e1rias. Hoje, quando vamos nos preparar para uma negocia\u00e7\u00e3o n\u00f3s lembramos do M\u00e1rcio Miranda, tanto que eu trouxe ele mais uma vez para nossa empresa.&#8221;<\/p>\n<p><img loading=\"lazy\" decoding=\"async\" src=\"https:\/\/marciomiranda.com.br\/site\/wp-content\/uploads\/2023\/06\/raul-160x160-1.png\" alt=\"Summit Avan\u00e7ado de Vendas e Negocia\u00e7\u00e3o com M\u00e1rcio Miranda\" title=\"Summit Avan\u00e7ado de Vendas e Negocia\u00e7\u00e3o com M\u00e1rcio Miranda\" width=\"160\" height=\"160\" data-op3-attachment-id=\"5066\" \/><\/p>\n<p>Raul Candeloro<\/p>\n<p>Revista Venda Mais<\/p>\n<p>&#8220;Conhe\u00e7o o M\u00e1rcio Miranda h\u00e1 20 anos e al\u00e9m de um amigo, o M\u00e1rcio \u00e9 o maior especialista em negocia\u00e7\u00e3o do pa\u00eds. A KLA nesses anos, deve ter realizado mais ou menos uns 15 workshops com o M\u00e1rcio Miranda e ele encanta. Voc\u00ea deve participar dos cursos do M\u00e1rcio Miranda.&#8221;<\/p>\n<p><img loading=\"lazy\" decoding=\"async\" src=\"https:\/\/marciomiranda.com.br\/site\/wp-content\/uploads\/2023\/06\/edilson-160x160-1.jpeg\" alt=\"Summit Avan\u00e7ado de Vendas e Negocia\u00e7\u00e3o com M\u00e1rcio Miranda\" title=\"Summit Avan\u00e7ado de Vendas e Negocia\u00e7\u00e3o com M\u00e1rcio Miranda\" width=\"160\" height=\"160\" data-op3-attachment-id=\"5065\" \/><\/p>\n<p>Edilson Lopes<\/p>\n<p>Presidente da KLA Eventos<\/p>\n<p>&#8220;Depois que voc\u00ea teve o curso, logo no dia seguinte ele j\u00e1 \u00e9 aplicado. \u00c9 impressionante como todos os exerc\u00edcios que s\u00e3o feitos s\u00e3o super pr\u00e1ticos e que voc\u00ea pode levar pro seu dia-dia da empresa. Tamb\u00e9m impressiona o fato do quanto as pessoas n\u00e3o sabem que n\u00e3o est\u00e3o preparadas para uma negocia\u00e7\u00e3o.&#8221;<\/p>\n<p><img loading=\"lazy\" decoding=\"async\" src=\"https:\/\/marciomiranda.com.br\/site\/wp-content\/uploads\/2023\/06\/luciano-160x160-1.jpeg\" alt=\"Summit Avan\u00e7ado de Vendas e Negocia\u00e7\u00e3o com M\u00e1rcio Miranda\" title=\"Summit Avan\u00e7ado de Vendas e Negocia\u00e7\u00e3o com M\u00e1rcio Miranda\" width=\"160\" height=\"160\" data-op3-attachment-id=\"5064\" \/><\/p>\n<p>Luciano Montenegro<\/p>\n<p>CEO World Trade Center\/SP<\/p>\n<p><a href=\"https:\/\/wa.me\/5511991097186?text=Ol%C3%A1%2C+gostaria+de+saber+mais+sobre+o+M%C3%A9todo+Vendedor+Campe%C3%A3o...\" class=\"op3-link op3-background-ancestor\" target=\"_blank\" data-op-action=\"link\" data-op-select-funnel-step=\"\" data-op3-smooth-scroll=\"0\" data-op-effect-style=\"\" data-op-effect-style-hover=\"\" data-op-courseaction=\"\" rel=\"noopener\">PRECISO TREINAR MINHA EQUIPE<\/a><\/p>\n<h2>Transforme sua equipe em Vendedores Campe\u00f5es.<\/h2>\n<p>Solicite uma demonstra\u00e7\u00e3o de como funciona o m\u00e9todo \u2013 ela dura aproximadamente 20 minutos e \u00e9 realizada pelo Zoom com M\u00e1rcio e Dennis Miranda. Vamos combinar dia e hor\u00e1rio para voc\u00ea conhecer a plataforma e tirar todas suas d\u00favidas!<\/p>\n<p>Gostaria de deixar sua equipe pronta para Vencer?<\/p>\n<p>Se a resposta \u00e9 sim, clique agora e capacite sua equipe para liderar o mercado de vendas!<\/p>\n<p><a href=\"https:\/\/wa.me\/5511991097186?text=Ol%C3%A1%2C+gostaria+de+ver+uma+demonstra%C3%A7%C3%A3o+do+M%C3%A9todo+Vendedor+Campe%C3%A3o...\" class=\"op3-link op3-background-ancestor\" target=\"_blank\" data-op-action=\"link\" data-op-select-funnel-step=\"\" data-op3-smooth-scroll=\"\" data-op-effect-style=\"\" data-op-effect-style-hover=\"\" data-op-courseaction=\"\" rel=\"noopener\">SOLICITE UMA DEMONTRA\u00c7\u00c3OVoc\u00ea ser\u00e1 redirecionado para o WhatsApp<\/a><img loading=\"lazy\" decoding=\"async\" src=\"https:\/\/marciomiranda.com.br\/site\/wp-content\/uploads\/2023\/01\/logo-workshop-2021.png\" alt=\"\" title=\"logo-workshop-2021\" width=\"300\" height=\"61\" data-op3-attachment-id=\"4293\" \/><\/p>\n<p>Email:&nbsp;<a href=\"mailto:marcio@marciomiranda.com.br\">marcio@marciomiranda.com.br<\/a><\/p>\n<p>Ligue para:&nbsp;(11) 4117-8810 | (11) 3280-5464<\/p>\n<p>\u00a9&nbsp;Copyright Palestrante M\u00e1rcio Miranda.&nbsp; Todos os Direitos Reservados<\/p>\n<p><a class=\"op3-element__link op3-element-icon__link op3-link\" href=\"https:\/\/www.facebook.com\/MarcioMirandaWorkshop\" target=\"_blank\" data-op-action=\"link\" data-op-select-funnel-step=\"\" data-op3-smooth-scroll=\"0\" rel=\"noopener\"><\/a><a class=\"op3-element__link op3-element-icon__link op3-link\" href=\"https:\/\/br.linkedin.com\/in\/marciomiranda10\" target=\"_blank\" data-op-action=\"link\" data-op-select-funnel-step=\"\" data-op3-smooth-scroll=\"0\" rel=\"noopener\"><\/a><a class=\"op3-element__link op3-element-icon__link op3-link\" href=\"https:\/\/www.instagram.com\/marcioworkshop\/\" target=\"_blank\" data-op-action=\"link\" data-op-select-funnel-step=\"\" data-op3-smooth-scroll=\"0\" rel=\"noopener\"><\/a><a class=\"op3-element__link op3-element-icon__link op3-link\" href=\"https:\/\/www.youtube.com\/user\/workshop2011\" target=\"_blank\" data-op-action=\"link\" data-op-select-funnel-step=\"\" data-op3-smooth-scroll=\"0\" rel=\"noopener\"><\/a><a class=\"op3-element__link op3-element-icon__link op3-link\" href=\"https:\/\/api.whatsapp.com\/send?phone=5511991097186\" target=\"_blank\" data-op-action=\"link\" data-op-select-funnel-step=\"\" data-op3-smooth-scroll=\"0\" rel=\"noopener\"><\/a><\/p>\n","protected":false},"excerpt":{"rendered":"<p>Ligue para:&nbsp;(11) 4117-8810 | (11) 3280-5464 I I LoginATENDIMENTO VOC\u00ca \u00c9 UM GESTOR COMERCIAL E SABE QUE PRECISA TER VENDEDORES CAMPE\u00d5ES Os desafios para um gestor moderno na \u00e1rea comercial s\u00e3o enormes: Bater as metas todos os mesesEncontrar e contratar bons vendedoresCapacitar de forma continuada seus vendedoresDiminuir a rotatividade da equipeLiderar e motivar os vendedores [&hellip;]<\/p>\n","protected":false},"author":2,"featured_media":4581,"parent":0,"menu_order":0,"comment_status":"closed","ping_status":"closed","template":"op_builder_blank","meta":{"footnotes":""},"categories":[],"tags":[],"class_list":["post-5492","page","type-page","status-publish","has-post-thumbnail","hentry"],"_links":{"self":[{"href":"https:\/\/marciomiranda.com.br\/site\/wp-json\/wp\/v2\/pages\/5492","targetHints":{"allow":["GET"]}}],"collection":[{"href":"https:\/\/marciomiranda.com.br\/site\/wp-json\/wp\/v2\/pages"}],"about":[{"href":"https:\/\/marciomiranda.com.br\/site\/wp-json\/wp\/v2\/types\/page"}],"author":[{"embeddable":true,"href":"https:\/\/marciomiranda.com.br\/site\/wp-json\/wp\/v2\/users\/2"}],"replies":[{"embeddable":true,"href":"https:\/\/marciomiranda.com.br\/site\/wp-json\/wp\/v2\/comments?post=5492"}],"version-history":[{"count":82,"href":"https:\/\/marciomiranda.com.br\/site\/wp-json\/wp\/v2\/pages\/5492\/revisions"}],"predecessor-version":[{"id":5635,"href":"https:\/\/marciomiranda.com.br\/site\/wp-json\/wp\/v2\/pages\/5492\/revisions\/5635"}],"wp:featuredmedia":[{"embeddable":true,"href":"https:\/\/marciomiranda.com.br\/site\/wp-json\/wp\/v2\/media\/4581"}],"wp:attachment":[{"href":"https:\/\/marciomiranda.com.br\/site\/wp-json\/wp\/v2\/media?parent=5492"}],"wp:term":[{"taxonomy":"category","embeddable":true,"href":"https:\/\/marciomiranda.com.br\/site\/wp-json\/wp\/v2\/categories?post=5492"},{"taxonomy":"post_tag","embeddable":true,"href":"https:\/\/marciomiranda.com.br\/site\/wp-json\/wp\/v2\/tags?post=5492"}],"curies":[{"name":"wp","href":"https:\/\/api.w.org\/{rel}","templated":true}]}}