{"id":4698,"date":"2023-04-11T09:06:19","date_gmt":"2023-04-11T12:06:19","guid":{"rendered":"https:\/\/marciomiranda.com.br\/site\/?page_id=4698"},"modified":"2024-12-17T17:59:17","modified_gmt":"2024-12-17T20:59:17","slug":"cursos-presenciais-de-vendas-e-negociacao-com-marcio-miranda","status":"publish","type":"page","link":"https:\/\/marciomiranda.com.br\/site\/area-gestor\/cursos-presenciais-de-vendas-e-negociacao-com-marcio-miranda\/","title":{"rendered":"Palestrante de Vendas M\u00e1rcio Miranda | Cursos Presenciais de Vendas"},"content":{"rendered":"<p>Ligue para:&nbsp;(11) 4117-8810 | (11) 3280-5464<\/p>\n<p>I<\/p>\n<p><a class=\"op3-link op3-background-ancestor\" href=\"https:\/\/www.facebook.com\/MarcioMirandaWorkshop\" target=\"_blank\" data-op-action=\"link\" data-op-select-funnel-step=\"\" data-op-animation-trigger=\"none\" data-op-animation-style=\"\" data-op-animation-loop=\"0\" data-op-timer-minutes=\"0\" data-op-timer-seconds=\"0\" data-op3-smooth-scroll=\"0\" rel=\"noopener\"><\/a><a class=\"op3-link op3-background-ancestor\" href=\"https:\/\/br.linkedin.com\/in\/marciomiranda10\" target=\"_blank\" data-op-action=\"link\" data-op-select-funnel-step=\"\" data-op-animation-trigger=\"none\" data-op-animation-style=\"\" data-op-animation-loop=\"0\" data-op-timer-minutes=\"0\" data-op-timer-seconds=\"0\" data-op3-smooth-scroll=\"0\" rel=\"noopener\"><\/a><a class=\"op3-link op3-background-ancestor\" href=\"https:\/\/www.instagram.com\/marcioworkshop\/\" target=\"_blank\" data-op-action=\"link\" data-op-select-funnel-step=\"\" data-op-animation-trigger=\"none\" data-op-animation-style=\"\" data-op-animation-loop=\"0\" data-op-timer-minutes=\"0\" data-op-timer-seconds=\"0\" data-op3-smooth-scroll=\"0\" rel=\"noopener\"><\/a><a class=\"op3-link op3-background-ancestor\" href=\"https:\/\/www.youtube.com\/user\/workshop2011\" target=\"_blank\" data-op-action=\"link\" data-op-select-funnel-step=\"\" data-op-animation-trigger=\"none\" data-op-animation-style=\"\" data-op-animation-loop=\"0\" data-op-timer-minutes=\"0\" data-op-timer-seconds=\"0\" data-op3-smooth-scroll=\"0\" rel=\"noopener\"><\/a><a class=\"op3-link op3-background-ancestor\" href=\"https:\/\/api.whatsapp.com\/send?phone=5511991097186\" target=\"_blank\" data-op-action=\"link\" data-op-select-funnel-step=\"\" data-op-animation-trigger=\"none\" data-op-animation-style=\"\" data-op-animation-loop=\"0\" data-op-timer-minutes=\"0\" data-op-timer-seconds=\"0\" data-op3-smooth-scroll=\"0\" rel=\"noopener\"><\/a><\/p>\n<p>I<\/p>\n<p><a href=\"https:\/\/membros.ovendedorcampeao.com.br\/\" class=\"op3-link op3-background-ancestor\" target=\"_blank\" data-op-action=\"link\" data-op-select-funnel-step=\"\" data-op-animation-trigger=\"none\" data-op-animation-style=\"\" data-op-animation-loop=\"0\" data-op-timer-minutes=\"0\" data-op-timer-seconds=\"0\" data-op3-smooth-scroll=\"0\" data-op-effect-style=\"\" data-op-effect-style-hover=\"\" data-op-courseaction=\"\" rel=\"noopener\">Login<\/a><a href=\"https:\/\/marciomiranda.com.br\/site\" target=\"_self\" data-op-action=\"link\" data-op-select-funnel-step=\"\" data-op3-smooth-scroll=\"0\" rel=\"noopener\"><img loading=\"lazy\" decoding=\"async\" src=\"https:\/\/marciomiranda.com.br\/site\/wp-content\/uploads\/2020\/07\/logo-preto-300x120-1.png\" alt=\"Palestrante de Vendas M\u00e1rcio Miranda\" title=\"Palestrante de Vendas M\u00e1rcio Miranda\" width=\"300\" height=\"120\" data-op3-attachment-id=\"2644\" \/><\/a><a href=\"https:\/\/wa.me\/5511991097186?text=Ol%C3%A1%2C+gostaria+de+saber+mais+sobre+Cursos+e+Treinamentos...\" class=\"op3-link op3-background-ancestor\" target=\"_blank\" data-op-action=\"link\" data-op-select-funnel-step=\"\" data-op-animation-trigger=\"none\" data-op-animation-style=\"\" data-op-animation-loop=\"0\" data-op-timer-minutes=\"0\" data-op-timer-seconds=\"0\" data-op3-smooth-scroll=\"0\" data-op-effect-style=\"\" data-op-effect-style-hover=\"\" data-op-courseaction=\"\" rel=\"noopener\">ATENDIMENTO<\/a><\/p>\n<h2>Cursos Presenciais<\/h2>\n<p><a href=\"https:\/\/wa.me\/5511991097186?text=Ol%C3%A1%2C+gostaria+de+saber+mais+sobre+Cursos+e+Treinamentos...\" class=\"op3-link op3-background-ancestor\" target=\"_blank\" data-op-action=\"link\" data-op-select-funnel-step=\"\" data-op-animation-trigger=\"none\" data-op-animation-style=\"\" data-op-animation-loop=\"0\" data-op-timer-minutes=\"0\" data-op-timer-seconds=\"0\" data-op3-smooth-scroll=\"0\" data-op-effect-style=\"\" data-op-effect-style-hover=\"\" data-op-courseaction=\"\" rel=\"noopener\">FALE COMIGO<\/a><\/p>\n<h2>Cursos de Vendas e Negocia\u00e7\u00e3o com M\u00e1rcio Miranda em S\u00e3o Paulo<\/h2>\n\n<h3>Voc\u00ea j\u00e1 faz parte do Time de Vendedores Campe\u00f5es do M\u00e1rcio Miranda?<\/h3>\n<p>Se voc\u00ea j\u00e1 faz parte, clique abaixo e acesse o Treinamento! Tamb\u00e9m fique atento ao seu email, teremos novidades em breve!<\/p>\n<p><a href=\"https:\/\/membros.ovendedorcampeao.com.br\/\" class=\"op3-link op3-background-ancestor\" target=\"_blank\" data-op-action=\"link\" data-op-select-funnel-step=\"\" data-op-animation-trigger=\"none\" data-op-animation-style=\"\" data-op-animation-loop=\"0\" data-op-timer-minutes=\"0\" data-op-timer-seconds=\"0\" data-op3-smooth-scroll=\"0\" data-op-effect-style=\"\" data-op-effect-style-hover=\"\" data-op-courseaction=\"nextLessonInCourse\" rel=\"noopener\">ACESSAR O VENDEDOR CAMPE\u00c3O<\/a><\/p>\n<p>oU<\/p>\n<h3>Ainda n\u00e3o \u00e9 um Vendedor Campe\u00e3o?<\/h3>\n<p>Torne-se um agora!<\/p>\n<p>CURSO ONLINE + MENTORIA<\/p>\n<h2>Conhe\u00e7a um pouco mais sobre o m\u00e9todo O Vendedor Campe\u00e3o<\/h2>\n<p>O curso O Vendedor Campe\u00e3o, ministrado por M\u00e1rcio Miranda, \u00e9 completo e pr\u00e1tico, ensinando todos os passos da venda bem-sucedida em uma linguagem descontra\u00edda e repleta de exemplos do dia a dia. Dispon\u00edvel 24\/7, o curso \u00e9 moderno, din\u00e2mico e com resultados comprovados.<\/p>\n<p>Torne-se um Vendedor Campe\u00e3o!&nbsp;<a href=\"https:\/\/ovendedorcampeao.com.br\/\" target=\"_blank\" rel=\"noopener\">Fa\u00e7a parte do meu Time<\/a><\/p>\n<p><img loading=\"lazy\" decoding=\"async\" src=\"https:\/\/marciomiranda.com.br\/site\/wp-content\/uploads\/2023\/01\/logo-workshop-2021.png\" alt=\"\" title=\"logo-workshop-2021\" width=\"300\" height=\"61\" data-op3-attachment-id=\"4293\" \/><\/p>\n<p>Email:&nbsp;<a href=\"mailto:marcio@marciomiranda.com.br\">marcio@marciomiranda.com.br<\/a><\/p>\n<p>Ligue para:&nbsp;(11) 4117-8810 | (11) 3280-5464<\/p>\n<p>\u00a9&nbsp;Copyright Palestrante M\u00e1rcio Miranda.&nbsp; Todos os Direitos Reservados<\/p>\n<p><a class=\"op3-link op3-background-ancestor\" href=\"https:\/\/www.facebook.com\/MarcioMirandaWorkshop\" target=\"_blank\" data-op-action=\"link\" data-op-select-funnel-step=\"\" data-op-animation-trigger=\"none\" data-op-animation-style=\"\" data-op-animation-loop=\"0\" data-op-timer-minutes=\"0\" data-op-timer-seconds=\"0\" data-op3-smooth-scroll=\"0\" rel=\"noopener\"><\/a><a class=\"op3-link op3-background-ancestor\" href=\"https:\/\/br.linkedin.com\/in\/marciomiranda10\" target=\"_blank\" data-op-action=\"link\" data-op-select-funnel-step=\"\" data-op-animation-trigger=\"none\" data-op-animation-style=\"\" data-op-animation-loop=\"0\" data-op-timer-minutes=\"0\" data-op-timer-seconds=\"0\" data-op3-smooth-scroll=\"0\" rel=\"noopener\"><\/a><a class=\"op3-link op3-background-ancestor\" href=\"https:\/\/www.instagram.com\/marcioworkshop\/\" target=\"_blank\" data-op-action=\"link\" data-op-select-funnel-step=\"\" data-op-animation-trigger=\"none\" data-op-animation-style=\"\" data-op-animation-loop=\"0\" data-op-timer-minutes=\"0\" data-op-timer-seconds=\"0\" data-op3-smooth-scroll=\"0\" rel=\"noopener\"><\/a><a class=\"op3-link op3-background-ancestor\" href=\"https:\/\/www.youtube.com\/user\/workshop2011\" target=\"_blank\" data-op-action=\"link\" data-op-select-funnel-step=\"\" data-op-animation-trigger=\"none\" data-op-animation-style=\"\" data-op-animation-loop=\"0\" data-op-timer-minutes=\"0\" data-op-timer-seconds=\"0\" data-op3-smooth-scroll=\"0\" rel=\"noopener\"><\/a><a class=\"op3-link op3-background-ancestor\" href=\"https:\/\/api.whatsapp.com\/send?phone=5511991097186\" target=\"_blank\" data-op-action=\"link\" data-op-select-funnel-step=\"\" data-op-animation-trigger=\"none\" data-op-animation-style=\"\" data-op-animation-loop=\"0\" data-op-timer-minutes=\"0\" data-op-timer-seconds=\"0\" data-op3-smooth-scroll=\"0\" rel=\"noopener\"><\/a><\/p>\n","protected":false},"excerpt":{"rendered":"<p>Ligue para:&nbsp;(11) 4117-8810 | (11) 3280-5464 I I LoginATENDIMENTO Cursos Presenciais FALE COMIGO Cursos de Vendas e Negocia\u00e7\u00e3o com M\u00e1rcio Miranda em S\u00e3o Paulo Voc\u00ea j\u00e1 faz parte do Time de Vendedores Campe\u00f5es do M\u00e1rcio Miranda? Se voc\u00ea j\u00e1 faz parte, clique abaixo e acesse o Treinamento! Tamb\u00e9m fique atento ao seu email, teremos novidades [&hellip;]<\/p>\n","protected":false},"author":2,"featured_media":0,"parent":4496,"menu_order":0,"comment_status":"closed","ping_status":"closed","template":"op_builder_blank","meta":{"footnotes":""},"categories":[],"tags":[],"class_list":["post-4698","page","type-page","status-publish","hentry"],"_links":{"self":[{"href":"https:\/\/marciomiranda.com.br\/site\/wp-json\/wp\/v2\/pages\/4698","targetHints":{"allow":["GET"]}}],"collection":[{"href":"https:\/\/marciomiranda.com.br\/site\/wp-json\/wp\/v2\/pages"}],"about":[{"href":"https:\/\/marciomiranda.com.br\/site\/wp-json\/wp\/v2\/types\/page"}],"author":[{"embeddable":true,"href":"https:\/\/marciomiranda.com.br\/site\/wp-json\/wp\/v2\/users\/2"}],"replies":[{"embeddable":true,"href":"https:\/\/marciomiranda.com.br\/site\/wp-json\/wp\/v2\/comments?post=4698"}],"version-history":[{"count":12,"href":"https:\/\/marciomiranda.com.br\/site\/wp-json\/wp\/v2\/pages\/4698\/revisions"}],"predecessor-version":[{"id":4863,"href":"https:\/\/marciomiranda.com.br\/site\/wp-json\/wp\/v2\/pages\/4698\/revisions\/4863"}],"up":[{"embeddable":true,"href":"https:\/\/marciomiranda.com.br\/site\/wp-json\/wp\/v2\/pages\/4496"}],"wp:attachment":[{"href":"https:\/\/marciomiranda.com.br\/site\/wp-json\/wp\/v2\/media?parent=4698"}],"wp:term":[{"taxonomy":"category","embeddable":true,"href":"https:\/\/marciomiranda.com.br\/site\/wp-json\/wp\/v2\/categories?post=4698"},{"taxonomy":"post_tag","embeddable":true,"href":"https:\/\/marciomiranda.com.br\/site\/wp-json\/wp\/v2\/tags?post=4698"}],"curies":[{"name":"wp","href":"https:\/\/api.w.org\/{rel}","templated":true}]}}