{"id":4297,"date":"2023-01-25T09:34:03","date_gmt":"2023-01-25T12:34:03","guid":{"rendered":"https:\/\/marciomiranda.com.br\/site\/?page_id=4297"},"modified":"2024-12-17T13:59:48","modified_gmt":"2024-12-17T16:59:48","slug":"redes-sociais-marcio-miranda-palestrante-de-vendas","status":"publish","type":"page","link":"https:\/\/marciomiranda.com.br\/site\/area-gestor\/redes-sociais-marcio-miranda-palestrante-de-vendas\/","title":{"rendered":"Palestrante de Vendas M\u00e1rcio Miranda | Conecte-se com M\u00e1rcio Miranda"},"content":{"rendered":"<p>Ligue para:&nbsp;(11) 4117-8810<\/p>\n<p>I<\/p>\n<p><a class=\"op3-element__link op3-element-icon__link op3-link\" href=\"https:\/\/www.facebook.com\/MarcioMirandaWorkshop\" target=\"_blank\" data-op-action=\"link\" data-op-select-funnel-step=\"\" data-op3-smooth-scroll=\"0\" rel=\"noopener\"><\/a><a class=\"op3-element__link op3-element-icon__link op3-link\" href=\"https:\/\/br.linkedin.com\/in\/marciomiranda10\" target=\"_blank\" data-op-action=\"link\" data-op-select-funnel-step=\"\" data-op3-smooth-scroll=\"0\" rel=\"noopener\"><\/a><a class=\"op3-element__link op3-element-icon__link op3-link\" href=\"https:\/\/www.instagram.com\/marcioworkshop\/\" target=\"_blank\" data-op-action=\"link\" data-op-select-funnel-step=\"\" data-op3-smooth-scroll=\"0\" rel=\"noopener\"><\/a><a class=\"op3-element__link op3-element-icon__link op3-link\" href=\"https:\/\/www.youtube.com\/user\/workshop2011\" target=\"_blank\" data-op-action=\"link\" data-op-select-funnel-step=\"\" data-op3-smooth-scroll=\"0\" rel=\"noopener\"><\/a><a class=\"op3-element__link op3-element-icon__link op3-link\" href=\"https:\/\/api.whatsapp.com\/send?phone=5511991097186\" target=\"_blank\" data-op-action=\"link\" data-op-select-funnel-step=\"\" data-op3-smooth-scroll=\"0\" rel=\"noopener\"><\/a><\/p>\n<p>I<\/p>\n<p><a href=\"https:\/\/membros.ovendedorcampeao.com.br\/\" class=\"op3-link op3-background-ancestor\" target=\"_blank\" data-op-action=\"link\" data-op-select-funnel-step=\"\" data-op3-smooth-scroll=\"0\" data-op-effect-style=\"\" data-op-effect-style-hover=\"\" data-op-courseaction=\"\" rel=\"noopener\">Login<\/a><a href=\"https:\/\/marciomiranda.com.br\/site\" target=\"_self\" data-op-action=\"link\" data-op-select-funnel-step=\"\" data-op3-smooth-scroll=\"0\" rel=\"noopener\"><img loading=\"lazy\" decoding=\"async\" src=\"https:\/\/marciomiranda.com.br\/site\/wp-content\/uploads\/2020\/07\/logo-preto-300x120-1.png\" alt=\"Palestrante de Vendas M\u00e1rcio Miranda\" title=\"Palestrante de Vendas M\u00e1rcio Miranda\" width=\"300\" height=\"120\" data-op3-attachment-id=\"2644\" \/><\/a><a href=\"https:\/\/wa.me\/5511991097186?text=Ol%C3%A1%2C+gostaria+de+saber+mais+sobre+Cursos+e+Treinamentos...\" class=\"op3-link op3-background-ancestor\" target=\"_blank\" data-op-action=\"link\" data-op-select-funnel-step=\"\" data-op3-smooth-scroll=\"0\" data-op-effect-style=\"\" data-op-effect-style-hover=\"\" data-op-courseaction=\"\" rel=\"noopener\">ATENDIMENTO<\/a><\/p>\n<p>ACOMPANHE MEU TRABALHO<\/p>\n<h2>Conecte-se nas Redes Sociais!<\/h2>\n<p><a class=\"op3-element__link op3-element-icon__link op3-link\" href=\"https:\/\/www.facebook.com\/MarcioMirandaWorkshop\" target=\"_blank\" data-op-action=\"link\" data-op-select-funnel-step=\"\" data-op3-smooth-scroll=\"0\" rel=\"noopener\"><\/a><\/p>\n<h4><a href=\"https:\/\/www.facebook.com\/MarcioMirandaWorkshop\" target=\"_blank\" rel=\"noopener\">Facebook<\/a><\/h4>\n<p>Conhe\u00e7a meu perfil Oficial no Facebook<\/p>\n<p><a class=\"op3-element__link op3-element-icon__link op3-link\" href=\"https:\/\/www.instagram.com\/marcioworkshop\/\" target=\"_blank\" data-op-action=\"link\" data-op-select-funnel-step=\"\" data-op3-smooth-scroll=\"0\" rel=\"noopener\"><\/a><\/p>\n<h4><a href=\"https:\/\/www.instagram.com\/marcioworkshop\/\" target=\"_blank\" rel=\"noopener\">Instagram<\/a><\/h4>\n<p>Siga-me no meu Perfil Oficial no Instagram<\/p>\n<p><a class=\"op3-element__link op3-element-icon__link op3-link\" href=\"https:\/\/br.linkedin.com\/in\/marciomiranda10\" target=\"_blank\" data-op-action=\"link\" data-op-select-funnel-step=\"\" data-op3-smooth-scroll=\"0\" rel=\"noopener\"><\/a><\/p>\n<h4><a href=\"https:\/\/br.linkedin.com\/in\/marciomiranda10\" target=\"_blank\" rel=\"noopener\">LinkedIn<\/a><\/h4>\n<p>Conecte-se na minha rede no LinkedIn<\/p>\n<p><a class=\"op3-element__link op3-element-icon__link op3-link\" href=\"https:\/\/www.youtube.com\/user\/workshop2011\" target=\"_blank\" data-op-action=\"link\" data-op-select-funnel-step=\"\" data-op3-smooth-scroll=\"0\" rel=\"noopener\"><\/a><\/p>\n<h4><a href=\"https:\/\/www.youtube.com\/user\/workshop2011\" target=\"_blank\" rel=\"noopener\">YouTube<\/a><\/h4>\n<p>Inscreva-se em nosso Canal Oficial no Youtube<\/p>\n<p><a class=\"op3-element__link op3-element-icon__link op3-link\" href=\"https:\/\/workshop.com.br\/podcast\" target=\"_blank\" data-op-action=\"link\" data-op-select-funnel-step=\"\" data-op3-smooth-scroll=\"0\" rel=\"noopener\"><\/a><\/p>\n<h4><a href=\"https:\/\/workshop.com.br\/podcast\" target=\"_blank\" rel=\"noopener\">Podcast<\/a><\/h4>\n<p>Dicas de Negocia\u00e7\u00e3o e Vendas com M\u00e1rcio Miranda<\/p>\n<p><a class=\"op3-element__link op3-element-icon__link op3-link\" href=\"https:\/\/api.whatsapp.com\/send?phone=5511991097186\" target=\"_blank\" data-op-action=\"link\" data-op-select-funnel-step=\"\" data-op3-smooth-scroll=\"0\" rel=\"noopener\"><\/a><\/p>\n<h4><a href=\"https:\/\/www.tiktok.com\/@marciomiranda1952?_t=8dsfcpNxnKn&amp;_r=1\" target=\"_blank\" rel=\"noopener\">TikTok<\/a><\/h4>\n<p>Tire d\u00favidas ou obtenha informa\u00e7\u00f5es importantes<\/p>\n<h2>Baixe meu Cart\u00e3o de Visita Digital<\/h2>\n<p>Tenha um contato direto comigo e acesso f\u00e1cil \u00e0s minhas redes e a aos meus treinamentos.<\/p>\n<p><img loading=\"lazy\" decoding=\"async\" src=\"https:\/\/marciomiranda.com.br\/site\/wp-content\/uploads\/2023\/07\/qr-code-carta-marcio-miranda.jpeg\" alt=\"\" title=\"qr-code-carta-marcio-miranda\" width=\"350\" height=\"350\" data-op3-attachment-id=\"5240\" \/><a href=\"https:\/\/taggo.one\/marciomiranda\" class=\"op3-link op3-background-ancestor\" target=\"_blank\" data-op-action=\"link\" data-op-select-funnel-step=\"\" data-op3-smooth-scroll=\"0\" data-op-effect-style=\"\" data-op-effect-style-hover=\"\" data-op-courseaction=\"\" rel=\"noopener\">SE PREFERIR, CLIQUE AQUI<\/a><img loading=\"lazy\" decoding=\"async\" src=\"https:\/\/marciomiranda.com.br\/site\/wp-content\/uploads\/2023\/08\/carta-digital-marcio-miranda.jpeg\" alt=\"Palestrante de Vendas M\u00e1rcio Miranda\" title=\"carta-digital-marcio-miranda\" width=\"378\" height=\"855\" data-op3-attachment-id=\"5355\" \/><\/p>\n<p>LAN\u00c7AMENTO | CURSO ONLINE + EBOOK + MENTORIA<\/p>\n<h2>10 GATILHOS PARA VOC\u00ca VENDER MUITO MAIS<\/h2>\n<p>O curso &#8220;Gatilhos Mentais para Vender Mais&#8221; \u00e9 uma oportunidade imperd\u00edvel para vendedores que desejam aumentar suas vendas.<\/p>\n<p>Voc\u00ea vai entender como os gatilhos mentais podem ser usados para persuadir os clientes a comprar mais e com mais frequ\u00eancia.<\/p>\n<p>Voltado especificamente para o p\u00fablico de vendas, o curso oferece uma abordagem pr\u00e1tica e direta sobre os principais gatilhos mentais que influenciam a tomada de decis\u00e3o do cliente.<\/p>\n<p><a href=\"https:\/\/marciomiranda.com.br\/site\/gatilhos-mentais\/\" class=\"op3-link op3-background-ancestor\" target=\"_self\" data-op-action=\"link\" data-op-select-funnel-step=\"\" data-op3-smooth-scroll=\"0\" data-op-effect-style=\"\" data-op-effect-style-hover=\"\" data-op-courseaction=\"\" rel=\"noopener\">SAIBA MAIS<\/a><a href=\"https:\/\/wa.me\/5511991097186?text=Ol%C3%A1%2C+gostaria+de+saber+mais+sobre+o+Curso+de+Gatilhos+Mentais...\" class=\"op3-link op3-background-ancestor\" target=\"_blank\" data-op-action=\"link\" data-op-select-funnel-step=\"\" data-op3-smooth-scroll=\"0\" data-op-effect-style=\"\" data-op-effect-style-hover=\"\" data-op-courseaction=\"\" rel=\"noopener\">FALE COMIGO<\/a><\/p>\n<h2>Material Complementar<\/h2>\n<h2>Material Exclusivo de Cortesia de&nbsp;M\u00e1rcio Miranda<\/h2>\n<h2>roteiro de planejamento<\/h2>\n<h4>Roteiro de Planejamento&nbsp;completo, arquivo em PDF<\/h4>\n<p>Clique no bot\u00e3o abaixo para baixar o arquivo em seu computador.<\/p>\n<p><a href=\"https:\/\/drive.google.com\/file\/d\/1mtU2WiaEKaTsyaFRC3x3nsEEDjzP11ZT\/view?usp=sharing\" class=\"op3-link op3-background-ancestor\" target=\"_blank\" data-op-action=\"link\" data-op-select-funnel-step=\"\" data-op3-smooth-scroll=\"\" data-op-effect-style=\"\" data-op-effect-style-hover=\"\" data-op-courseaction=\"\" rel=\"noopener\">Download do Roteiro<\/a><\/p>\n<h2>RECOMENDA\u00c7\u00c3O: ELIMINA\u00c7\u00c3O DE RU\u00cdDOS<\/h2>\n<h4>Programa de elimina\u00e7\u00e3o de ru\u00eddos no \u00e1udio da videoconfer\u00eancia<\/h4>\n<p>O aplicativo Krisp silencia o ru\u00eddo de fundo em suas chamadas de confer\u00eancia Zoom, Meet&#8230;<\/p>\n<p><a href=\"https:\/\/docs.google.com\/uc?export=download&amp;id=1X-MMdVbqzN5SekaCs7Ig0Ge4jzwXoYLK\" class=\"op3-link op3-background-ancestor\" target=\"_self\" data-op-action=\"link\" data-op-select-funnel-step=\"\" data-op3-smooth-scroll=\"\" data-op-effect-style=\"\" data-op-effect-style-hover=\"\" data-op-courseaction=\"\" rel=\"noopener\">Conhecer este Programa<\/a><img loading=\"lazy\" decoding=\"async\" src=\"https:\/\/marciomiranda.com.br\/site\/wp-content\/uploads\/2023\/01\/logo-workshop-2021.png\" alt=\"\" title=\"logo-workshop-2021\" width=\"300\" height=\"61\" data-op3-attachment-id=\"4293\" \/><\/p>\n<p>Email:&nbsp;<a href=\"mailto:marcio@marciomiranda.com.br\">marcio@marciomiranda.com.br<\/a><\/p>\n<p>Ligue para:&nbsp;(11) 4117-8810<\/p>\n<p>\u00a9&nbsp;Copyright Palestrante M\u00e1rcio Miranda.&nbsp; Todos os Direitos Reservados<\/p>\n<p><a class=\"op3-element__link op3-element-icon__link op3-link\" href=\"https:\/\/www.facebook.com\/MarcioMirandaWorkshop\" target=\"_blank\" data-op-action=\"link\" data-op-select-funnel-step=\"\" data-op3-smooth-scroll=\"0\" rel=\"noopener\"><\/a><a class=\"op3-element__link op3-element-icon__link op3-link\" href=\"https:\/\/br.linkedin.com\/in\/marciomiranda10\" target=\"_blank\" data-op-action=\"link\" data-op-select-funnel-step=\"\" data-op3-smooth-scroll=\"0\" rel=\"noopener\"><\/a><a class=\"op3-element__link op3-element-icon__link op3-link\" href=\"https:\/\/www.instagram.com\/marcioworkshop\/\" target=\"_blank\" data-op-action=\"link\" data-op-select-funnel-step=\"\" data-op3-smooth-scroll=\"0\" rel=\"noopener\"><\/a><a class=\"op3-element__link op3-element-icon__link op3-link\" href=\"https:\/\/www.youtube.com\/user\/workshop2011\" target=\"_blank\" data-op-action=\"link\" data-op-select-funnel-step=\"\" data-op3-smooth-scroll=\"0\" rel=\"noopener\"><\/a><a class=\"op3-element__link op3-element-icon__link op3-link\" href=\"https:\/\/api.whatsapp.com\/send?phone=5511991097186\" target=\"_blank\" data-op-action=\"link\" data-op-select-funnel-step=\"\" data-op3-smooth-scroll=\"0\" rel=\"noopener\"><\/a><\/p>\n","protected":false},"excerpt":{"rendered":"<p>Ligue para:&nbsp;(11) 4117-8810 I I LoginATENDIMENTO ACOMPANHE MEU TRABALHO Conecte-se nas Redes Sociais! Facebook Conhe\u00e7a meu perfil Oficial no Facebook Instagram Siga-me no meu Perfil Oficial no Instagram LinkedIn Conecte-se na minha rede no LinkedIn YouTube Inscreva-se em nosso Canal Oficial no Youtube Podcast Dicas de Negocia\u00e7\u00e3o e Vendas com M\u00e1rcio Miranda TikTok Tire d\u00favidas [&hellip;]<\/p>\n","protected":false},"author":2,"featured_media":2982,"parent":4496,"menu_order":0,"comment_status":"closed","ping_status":"closed","template":"op_builder_blank","meta":{"footnotes":""},"categories":[],"tags":[],"class_list":["post-4297","page","type-page","status-publish","has-post-thumbnail","hentry"],"_links":{"self":[{"href":"https:\/\/marciomiranda.com.br\/site\/wp-json\/wp\/v2\/pages\/4297","targetHints":{"allow":["GET"]}}],"collection":[{"href":"https:\/\/marciomiranda.com.br\/site\/wp-json\/wp\/v2\/pages"}],"about":[{"href":"https:\/\/marciomiranda.com.br\/site\/wp-json\/wp\/v2\/types\/page"}],"author":[{"embeddable":true,"href":"https:\/\/marciomiranda.com.br\/site\/wp-json\/wp\/v2\/users\/2"}],"replies":[{"embeddable":true,"href":"https:\/\/marciomiranda.com.br\/site\/wp-json\/wp\/v2\/comments?post=4297"}],"version-history":[{"count":24,"href":"https:\/\/marciomiranda.com.br\/site\/wp-json\/wp\/v2\/pages\/4297\/revisions"}],"predecessor-version":[{"id":5664,"href":"https:\/\/marciomiranda.com.br\/site\/wp-json\/wp\/v2\/pages\/4297\/revisions\/5664"}],"up":[{"embeddable":true,"href":"https:\/\/marciomiranda.com.br\/site\/wp-json\/wp\/v2\/pages\/4496"}],"wp:featuredmedia":[{"embeddable":true,"href":"https:\/\/marciomiranda.com.br\/site\/wp-json\/wp\/v2\/media\/2982"}],"wp:attachment":[{"href":"https:\/\/marciomiranda.com.br\/site\/wp-json\/wp\/v2\/media?parent=4297"}],"wp:term":[{"taxonomy":"category","embeddable":true,"href":"https:\/\/marciomiranda.com.br\/site\/wp-json\/wp\/v2\/categories?post=4297"},{"taxonomy":"post_tag","embeddable":true,"href":"https:\/\/marciomiranda.com.br\/site\/wp-json\/wp\/v2\/tags?post=4297"}],"curies":[{"name":"wp","href":"https:\/\/api.w.org\/{rel}","templated":true}]}}