{"id":4264,"date":"2023-01-17T15:02:23","date_gmt":"2023-01-17T18:02:23","guid":{"rendered":"https:\/\/marciomiranda.com.br\/site\/?page_id=4264"},"modified":"2024-03-22T05:01:42","modified_gmt":"2024-03-22T08:01:42","slug":"ganhe-aovivo","status":"publish","type":"page","link":"https:\/\/marciomiranda.com.br\/site\/ganhe-aovivo\/","title":{"rendered":"Ganhe Mais Vendendo Valor, n\u00e3o Pre\u00e7o | AO VIVO e ONLINE | Com M\u00e1rcio e Dennis Miranda"},"content":{"rendered":"<h2>AGUARDE NOVA DATA<\/h2>\n<h2>CURSO ONLINE AO VIVO&nbsp;| das 18:30 \u00e0s 22:30<\/h2>\n<h2>ganhE<\/h2>\n<h2>MAIS VENDENDO<\/h2>\n<h2>VALOR<\/h2>\n<h2>Chega de Descontos Desnecess\u00e1rios! Voc\u00ea \u00e9 pressionado o tempo inteiro para ter o menor pre\u00e7o se quiser vender. Seus clientes parecem n\u00e3o dar import\u00e2ncia para a qualidade, s\u00f3 falam de pre\u00e7o. Aprenda a mudar esse cen\u00e1rio e vender Valor.<\/h2>\n<p><a href=\"https:\/\/wa.me\/5511991097186?text=Ol%C3%A1%2C+gostaria+de+mais+informa%C3%A7%C3%B5es+sobre+o+Curso+Ao+Vivo+Ganhe+Mais+Vendendo+Valor...\" class=\"op3-link op3-background-ancestor\" target=\"_self\" data-op-action=\"link\" data-op-select-funnel-step=\"\" data-op3-smooth-scroll=\"0\" data-op-effect-style=\"\" data-op-effect-style-hover=\"\" data-op-courseaction=\"\" rel=\"noopener\">MAIS INFORMA\u00c7\u00d5ES<\/a><img loading=\"lazy\" decoding=\"async\" src=\"https:\/\/marciomiranda.com.br\/site\/wp-content\/uploads\/2021\/02\/marcio-banner-transparente-site-1.png\" alt=\"\" title=\"marcio-banner-transparente-site-1\" width=\"700\" height=\"876\" data-op3-attachment-id=\"2770\" \/><\/p>\n<h2>Curso Descontra\u00eddo e rico em informa\u00e7\u00e3o<\/h2>\n<p>M\u00e1rcio Miranda tem experi\u00eancia de se comunicar pela c\u00e2mera (foi comentarista do programa Pequenas Empresas Grandes Neg\u00f3cios) e faz transmiss\u00f5es ao vivo pela web h\u00e1 mais de 10 anos.&nbsp;<\/p>\n<p>Ele usa seus conhecimentos de Vendas e de comunica\u00e7\u00e3o para tornar voc\u00ea um vendedor diferenciado, que bate todas as metas!<\/p>\n<p><img loading=\"lazy\" decoding=\"async\" src=\"https:\/\/marciomiranda.com.br\/site\/wp-content\/uploads\/2023\/01\/mentoria-mensal.png\" alt=\"Curso de Negocia\u00e7\u00e3o com M\u00e1rcio Miranda\" title=\"Curso de Negocia\u00e7\u00e3o com M\u00e1rcio Miranda\" width=\"700\" height=\"510\" data-op3-attachment-id=\"4239\" \/><img loading=\"lazy\" decoding=\"async\" src=\"https:\/\/marciomiranda.com.br\/site\/wp-content\/uploads\/2021\/06\/shutterstock_262759463.jpg\" alt=\"Curso de Vendas e Negocia\u00e7\u00e3o com M\u00e1rcio Miranda\" title=\"shutterstock_262759463\" width=\"1000\" height=\"750\" data-op3-attachment-id=\"3159\" \/><\/p>\n<h2>Este \u00e9 um Curso Pr\u00e1tico e Objetivo<\/h2>\n<p>Voc\u00ea vai participar de um treinamento totalmente diferenciado, fazendo com que voc\u00ea tenha um alt\u00edssimo grau de reten\u00e7\u00e3o de conhecimento, al\u00e9m de aprender as t\u00e9cnicas mais avan\u00e7adas para aplica\u00e7\u00e3o imediata para vender mais e melhor!<\/p>\n<p>Estas t\u00e9cnicas foram desenvolvidas na pr\u00e1tica por M\u00e1rcio Miranda, um dos maiores especialistas brasileiros em vendas e negocia\u00e7\u00e3o!<\/p>\n<p>Voc\u00ea vai aprender como voc\u00ea pode diferenciar seu produto ou servi\u00e7o neste mercado t\u00e3o competitivo.<\/p>\n<h2>Quem conhece Aprova e Recomenda!<\/h2>\n<p>Veja o testemunho de Edilson Lopes | CEO do Grupo KLA, e entenda porque 82 das 100 maiores empresas capacitam suas equipes com M\u00e1rcio Miranda!<\/p>\n<h2>O QUE VOC\u00ca&nbsp;VAI APRENDER:<\/h2>\n<p>Como voc\u00ea pode diferenciar seu produto ou servi\u00e7o<\/p>\n<p>Aprenda como conquistar os melhores clientes<\/p>\n<p>Como criar uma barreira que vai evitar a entrada de seus maiores concorrentes<\/p>\n<p>Como o comprador se prepara para negociar pre\u00e7o com voc\u00ea<\/p>\n<p>3 maneiras de anular as t\u00e1ticas do comprador e se tornar um fornecedor diferenciado<\/p>\n<p>Estrat\u00e9gias para evitar os descontos de \u00faltima hora<\/p>\n<p>Como evitar o leil\u00e3o de pre\u00e7os e mesmo assim fechar o pedido<\/p>\n<p>5 dicas pr\u00e1ticas para se diferenciar e se distanciar de seus concorrentes<\/p>\n<p>Como estabelecer alternativas para evitar ser pressionado<\/p>\n<p>Como vender usando as t\u00e9cnicas virtuais que funcionam p\u00f3s-pandemia<\/p>\n<p>O que fazer quando voc\u00ea s\u00f3 recebe evasivas do outro lado<\/p>\n<p>6 t\u00e9cnicas para tornar seus argumentos mais convincentes<\/p>\n<p>Como fazer uma proposta vencedora e que traz o pedido<\/p>\n<p>Como a Apple consegue diferenciar um produto e vender muito mais<\/p>\n<p>Como se tornar um l\u00edder absoluto na sua categoria<\/p>\n<p>Como conseguir vender mesmo tendo o pre\u00e7o mais alto<\/p>\n<h2>Quem apresenta o Curso?<\/h2>\n<p>M\u00e1rcio Miranda \u00e9 o maior especialista brasileiro no tema Negocia\u00e7\u00e3o. Sua linguagem \u00e9 pr\u00e1tica e com exemplos reais do dia a dia dos participantes, nada de teorias inocentes ou mirabolantes. As t\u00e9cnicas aprendidas s\u00e3o usadas j\u00e1 no dia seguinte ao curso.<\/p>\n<p>M\u00e1rcio \u00e9 autor de 5 livros sobre Negocia\u00e7\u00e3o e 600 v\u00eddeos de vendas e negocia\u00e7\u00e3o. Seus programas na Apple e Spotify j\u00e1 foram baixados mais de 14 milh\u00f5es de vezes, sempre liderando o ranking da categoria.<\/p>\n<p>Foi comentarista do programa Pequenas Empresas Grandes Neg\u00f3cios da Rede Globo e tem 3 boletins di\u00e1rios na r\u00e1dio JovemPan. Al\u00e9m disso, \u00e9 professor do MBA de Negocia\u00e7\u00e3o e Vendas da PUC RS.<\/p>\n<p>Esse treinamento \u00e9 totalmente diferente dos demais eventos online. Ele \u00e9 din\u00e2mico, muito interativo e praticamente igual ao curso presencial. Informa\u00e7\u00e3o pr\u00e1tica transmitida de forma simples e com espa\u00e7o para perguntas e respostas \u2013 ningu\u00e9m sai com d\u00favidas.<\/p>\n<h2>Fa\u00e7a sua Inscri\u00e7\u00e3o e participe deste curso online com M\u00e1rcio Miranda<\/h2>\n<h2>PRIMEIRO LOTE<\/h2>\n<h2>R$ 599<\/h2>\n<h2>Curso Online + Certificado<\/h2>\n<p>Parcelamento no Cart\u00e3o<\/p>\n<p><a class=\"op3-link op3-background-ancestor\" data-op-action=\"disabled\" data-op-select-funnel-step=\"\" data-op3-smooth-scroll=\"\" data-op-effect-style=\"\" data-op-effect-style-hover=\"\" data-op-courseaction=\"\" href=\"#\">ESGOTADO<\/a><\/p>\n<p>INSCRI\u00c7\u00c3O INDIVIDUAL<\/p>\n<h2>INSCREVA-SE<\/h2>\n<h2>R$ 799<\/h2>\n<h2>Curso Online + Certificado<\/h2>\n<p>Parcelamento no Cart\u00e3o<\/p>\n<p><a href=\"https:\/\/wa.me\/5511991097186?text=Ol%C3%A1%2C+gostaria+de+mais+informa%C3%A7%C3%B5es+sobre+o+Curso+Ao+Vivo+Ganhe+Mais+Vendendo+Valor...\" class=\"op3-link op3-background-ancestor\" target=\"_self\" data-op-action=\"link\" data-op-select-funnel-step=\"\" data-op3-smooth-scroll=\"0\" data-op-effect-style=\"\" data-op-effect-style-hover=\"\" data-op-courseaction=\"\" rel=\"noopener\">+ INFORMA\u00c7\u00d5ES<\/a><\/p>\n<p>INSCRI\u00c7\u00c3O INDIVIDUAL<\/p>\n<h2>Importante: Pode ser parcelado no cart\u00e3o de cr\u00e9dito!<\/h2>\n<h2>Est\u00e1 com a agenda ocupada no dia do Curso? Veja isso&#8230;<\/h2>\n<p>N\u00e3o poder\u00e1 participar porque n\u00e3o tem disponibilidade nessa data, mas gostaria de contratar uma mentoria com o M\u00e1rcio Miranda e aprender como&nbsp;SE TORNAR UM VENDEDOR CAMPE\u00c3O E QUE BATE TODAS AS METAS?<\/p>\n<p><a href=\"https:\/\/api.whatsapp.com\/send?phone=5511991097186\" class=\"op3-link op3-background-ancestor\" target=\"_blank\" data-op-action=\"link\" data-op-select-funnel-step=\"\" data-op3-smooth-scroll=\"\" data-op-effect-style=\"\" data-op-effect-style-hover=\"\" data-op-courseaction=\"\" rel=\"noopener\">FALE COM UM CONSULTOR<\/a><img loading=\"lazy\" decoding=\"async\" src=\"https:\/\/marciomiranda.com.br\/site\/wp-content\/uploads\/2021\/04\/logo-workshop-2021.png\" alt=\"Curso de Vendas e Negocia\u00e7\u00e3o com M\u00e1rcio Miranda\" title=\"logo-workshop-2021\" width=\"512\" height=\"256\" data-op3-attachment-id=\"2876\" \/><\/p>\n<p>Email: marcio@workshop.com.br<\/p>\n<p>Ligue para:&nbsp;(11) 4117-8810 | (11) 3280-5464<\/p>\n<p>\u00a9&nbsp;Copyright Workshop Semin\u00e1rios.&nbsp; Todos os Direitos Reservados<\/p>\n<p><a class=\"op3-element__link op3-element-icon__link op3-link\" href=\"https:\/\/www.facebook.com\/MarcioMirandaWorkshop\" target=\"_blank\" data-op-action=\"link\" data-op-select-funnel-step=\"\" data-op3-smooth-scroll=\"0\" rel=\"noopener\"><\/a><a class=\"op3-element__link op3-element-icon__link op3-link\" href=\"https:\/\/br.linkedin.com\/in\/marciomiranda10\" target=\"_blank\" data-op-action=\"link\" data-op-select-funnel-step=\"\" data-op3-smooth-scroll=\"0\" rel=\"noopener\"><\/a><a class=\"op3-element__link op3-element-icon__link op3-link\" href=\"https:\/\/www.instagram.com\/marcioworkshop\/\" target=\"_blank\" data-op-action=\"link\" data-op-select-funnel-step=\"\" data-op3-smooth-scroll=\"0\" rel=\"noopener\"><\/a><a class=\"op3-element__link op3-element-icon__link op3-link\" href=\"https:\/\/www.youtube.com\/user\/workshop2011\" target=\"_blank\" data-op-action=\"link\" data-op-select-funnel-step=\"\" data-op3-smooth-scroll=\"0\" rel=\"noopener\"><\/a><\/p>\n","protected":false},"excerpt":{"rendered":"<p>AGUARDE NOVA DATA CURSO ONLINE AO VIVO&nbsp;| das 18:30 \u00e0s 22:30 ganhE MAIS VENDENDO VALOR Chega de Descontos Desnecess\u00e1rios! Voc\u00ea \u00e9 pressionado o tempo inteiro para ter o menor pre\u00e7o se quiser vender. Seus clientes parecem n\u00e3o dar import\u00e2ncia para a qualidade, s\u00f3 falam de pre\u00e7o. Aprenda a mudar esse cen\u00e1rio e vender Valor. MAIS [&hellip;]<\/p>\n","protected":false},"author":2,"featured_media":3158,"parent":0,"menu_order":0,"comment_status":"closed","ping_status":"closed","template":"op_builder_blank","meta":{"footnotes":""},"categories":[],"tags":[],"class_list":["post-4264","page","type-page","status-publish","has-post-thumbnail","hentry"],"_links":{"self":[{"href":"https:\/\/marciomiranda.com.br\/site\/wp-json\/wp\/v2\/pages\/4264","targetHints":{"allow":["GET"]}}],"collection":[{"href":"https:\/\/marciomiranda.com.br\/site\/wp-json\/wp\/v2\/pages"}],"about":[{"href":"https:\/\/marciomiranda.com.br\/site\/wp-json\/wp\/v2\/types\/page"}],"author":[{"embeddable":true,"href":"https:\/\/marciomiranda.com.br\/site\/wp-json\/wp\/v2\/users\/2"}],"replies":[{"embeddable":true,"href":"https:\/\/marciomiranda.com.br\/site\/wp-json\/wp\/v2\/comments?post=4264"}],"version-history":[{"count":35,"href":"https:\/\/marciomiranda.com.br\/site\/wp-json\/wp\/v2\/pages\/4264\/revisions"}],"predecessor-version":[{"id":6505,"href":"https:\/\/marciomiranda.com.br\/site\/wp-json\/wp\/v2\/pages\/4264\/revisions\/6505"}],"wp:featuredmedia":[{"embeddable":true,"href":"https:\/\/marciomiranda.com.br\/site\/wp-json\/wp\/v2\/media\/3158"}],"wp:attachment":[{"href":"https:\/\/marciomiranda.com.br\/site\/wp-json\/wp\/v2\/media?parent=4264"}],"wp:term":[{"taxonomy":"category","embeddable":true,"href":"https:\/\/marciomiranda.com.br\/site\/wp-json\/wp\/v2\/categories?post=4264"},{"taxonomy":"post_tag","embeddable":true,"href":"https:\/\/marciomiranda.com.br\/site\/wp-json\/wp\/v2\/tags?post=4264"}],"curies":[{"name":"wp","href":"https:\/\/api.w.org\/{rel}","templated":true}]}}