{"id":4162,"date":"2022-12-05T08:05:06","date_gmt":"2022-12-05T11:05:06","guid":{"rendered":"https:\/\/marciomiranda.com.br\/site\/?page_id=4162"},"modified":"2022-12-15T10:41:25","modified_gmt":"2022-12-15T13:41:25","slug":"vencer23","status":"publish","type":"page","link":"https:\/\/marciomiranda.com.br\/site\/vencer23\/","title":{"rendered":"MasterClass &#8220;Negociando para Vencer&#8221; | Garanta sua Vaga"},"content":{"rendered":"<p>Este link est\u00e1 dispon\u00edvel por tempo limitado!<\/p>\n<p>ENCONTRO IMPERD\u00cdVEL<\/p>\n<h1>Imers\u00e3o Negociando para Vencer!<\/h1>\n<p>Aprenda passo a passo, em 3 aulas imperd\u00edveis, como se tornar um negociador extremamente habilidoso e profissional!<\/p>\n<p>Garanta sua vaga agora mesmo!<\/p>\n<p>Prefixo do Telefone (DDI)55BRAZIL351PORTUGAL<a href=\"#\" class=\"op3-background-ancestor\" target=\"_self\" data-op-action=\"link\" data-op-select-funnel-step=\"\" data-op-animation-trigger=\"none\" data-op-animation-style=\"\" data-op-animation-loop=\"0\" data-op-timer-minutes=\"0\" data-op-timer-seconds=\"0\" data-op3-smooth-scroll=\"0\" data-op-effect-style=\"\" data-op-effect-style-hover=\"\" data-op-courseaction=\"\" rel=\"noopener\">GARANTA SUA VAGA AQUI!<\/a><\/p>\n<p>Seus dados est\u00e3o seguros conosco!<\/p>\n<p><a target=\"_self\" data-op-action=\"popoverlay\" data-op-popoverlay-trigger=\"none\" data-op-select-funnel-step=\"\" data-op3-smooth-scroll=\"0\" href=\"#\" rel=\"noopener\"><\/a><\/p>\n<p>VOC\u00ca EST\u00c1 AQUI&#8230;<\/p>\n<p>Voc\u00ea \u00e9 diferenciado<\/p>\n<p>Seu interesse em se desenvolver j\u00e1 mostra que voc\u00ea est\u00e1 certo.<\/p>\n<p><a target=\"_self\" data-op-action=\"popoverlay\" data-op-popoverlay-trigger=\"none\" data-op-select-funnel-step=\"\" data-op3-smooth-scroll=\"0\" href=\"#\" rel=\"noopener\"><\/a><\/p>\n<p>AULA 1<\/p>\n<p>Eu posso, voc\u00ea pode!<\/p>\n<p>Porque bons negociadores n\u00e3o nascem feitos, eles s\u00e3o desenvolvidos&#8230;<\/p>\n<p><a target=\"_self\" data-op-action=\"popoverlay\" data-op-popoverlay-trigger=\"none\" data-op-select-funnel-step=\"\" data-op3-smooth-scroll=\"0\" href=\"#\" rel=\"noopener\"><\/a><\/p>\n<p>AULA 2<\/p>\n<p>Solu\u00e7\u00e3o Ideal<\/p>\n<p>Vou lhe mostrar como passei de estagi\u00e1rio a dono de empresa usando as t\u00e9cnicas de negocia\u00e7\u00e3o&#8230;<\/p>\n<p><a target=\"_self\" data-op-action=\"popoverlay\" data-op-popoverlay-trigger=\"none\" data-op-select-funnel-step=\"\" data-op3-smooth-scroll=\"0\" href=\"#\" rel=\"noopener\"><\/a><\/p>\n<p>AULA 3<\/p>\n<p>Caminho a Seguir<\/p>\n<p>Os segredos dos melhores negociadores e como isso vai mudar a sua vida!<\/p>\n<h2>\u00a9 Copyright M\u00e1rcio Miranda. Todos os Direitos Reservados<\/h2>\n","protected":false},"excerpt":{"rendered":"<p>Este link est\u00e1 dispon\u00edvel por tempo limitado! ENCONTRO IMPERD\u00cdVEL Imers\u00e3o Negociando para Vencer! Aprenda passo a passo, em 3 aulas imperd\u00edveis, como se tornar um negociador extremamente habilidoso e profissional! Garanta sua vaga agora mesmo! Prefixo do Telefone (DDI)55BRAZIL351PORTUGALGARANTA SUA VAGA AQUI! Seus dados est\u00e3o seguros conosco! VOC\u00ca EST\u00c1 AQUI&#8230; Voc\u00ea \u00e9 diferenciado Seu interesse [&hellip;]<\/p>\n","protected":false},"author":2,"featured_media":0,"parent":0,"menu_order":0,"comment_status":"closed","ping_status":"closed","template":"op_builder_blank","meta":{"footnotes":""},"categories":[],"tags":[],"class_list":["post-4162","page","type-page","status-publish","hentry"],"_links":{"self":[{"href":"https:\/\/marciomiranda.com.br\/site\/wp-json\/wp\/v2\/pages\/4162","targetHints":{"allow":["GET"]}}],"collection":[{"href":"https:\/\/marciomiranda.com.br\/site\/wp-json\/wp\/v2\/pages"}],"about":[{"href":"https:\/\/marciomiranda.com.br\/site\/wp-json\/wp\/v2\/types\/page"}],"author":[{"embeddable":true,"href":"https:\/\/marciomiranda.com.br\/site\/wp-json\/wp\/v2\/users\/2"}],"replies":[{"embeddable":true,"href":"https:\/\/marciomiranda.com.br\/site\/wp-json\/wp\/v2\/comments?post=4162"}],"version-history":[{"count":5,"href":"https:\/\/marciomiranda.com.br\/site\/wp-json\/wp\/v2\/pages\/4162\/revisions"}],"predecessor-version":[{"id":4198,"href":"https:\/\/marciomiranda.com.br\/site\/wp-json\/wp\/v2\/pages\/4162\/revisions\/4198"}],"wp:attachment":[{"href":"https:\/\/marciomiranda.com.br\/site\/wp-json\/wp\/v2\/media?parent=4162"}],"wp:term":[{"taxonomy":"category","embeddable":true,"href":"https:\/\/marciomiranda.com.br\/site\/wp-json\/wp\/v2\/categories?post=4162"},{"taxonomy":"post_tag","embeddable":true,"href":"https:\/\/marciomiranda.com.br\/site\/wp-json\/wp\/v2\/tags?post=4162"}],"curies":[{"name":"wp","href":"https:\/\/api.w.org\/{rel}","templated":true}]}}