{"id":3299,"date":"2021-04-07T10:06:53","date_gmt":"2021-04-07T13:06:53","guid":{"rendered":"https:\/\/marciomiranda.com.br\/site\/curso-de-vendas-e-negociacao-com-marcio-miranda-curso-negociando-para-ganhar-2021-cloned-at-2021-10-06-172654\/"},"modified":"2024-12-17T17:59:29","modified_gmt":"2024-12-17T20:59:29","slug":"gameshow","status":"publish","type":"page","link":"https:\/\/marciomiranda.com.br\/site\/area-gestor\/gameshow\/","title":{"rendered":"Palestrante de Vendas M\u00e1rcio Miranda | Conhe\u00e7a o Gameshow"},"content":{"rendered":"<p>Ligue para:&nbsp;(11) 4117-8810 | (11) 3280-5464<\/p>\n<p>I<\/p>\n<p><a class=\"op3-element__link op3-element-icon__link op3-link\" href=\"https:\/\/www.facebook.com\/MarcioMirandaWorkshop\" target=\"_blank\" data-op-action=\"link\" data-op-select-funnel-step=\"\" data-op3-smooth-scroll=\"0\" rel=\"noopener\"><\/a><a class=\"op3-element__link op3-element-icon__link op3-link\" href=\"https:\/\/br.linkedin.com\/in\/marciomiranda10\" target=\"_blank\" data-op-action=\"link\" data-op-select-funnel-step=\"\" data-op3-smooth-scroll=\"0\" rel=\"noopener\"><\/a><a class=\"op3-element__link op3-element-icon__link op3-link\" href=\"https:\/\/www.instagram.com\/marcioworkshop\/\" target=\"_blank\" data-op-action=\"link\" data-op-select-funnel-step=\"\" data-op3-smooth-scroll=\"0\" rel=\"noopener\"><\/a><a class=\"op3-element__link op3-element-icon__link op3-link\" href=\"https:\/\/www.youtube.com\/user\/workshop2011\" target=\"_blank\" data-op-action=\"link\" data-op-select-funnel-step=\"\" data-op3-smooth-scroll=\"0\" rel=\"noopener\"><\/a><a class=\"op3-element__link op3-element-icon__link op3-link\" href=\"https:\/\/api.whatsapp.com\/send?phone=5511991097186\" target=\"_blank\" data-op-action=\"link\" data-op-select-funnel-step=\"\" data-op3-smooth-scroll=\"0\" rel=\"noopener\"><\/a><\/p>\n<p>I<\/p>\n<p><a href=\"https:\/\/membros.ovendedorcampeao.com.br\/\" class=\"op3-link op3-background-ancestor\" target=\"_blank\" data-op-action=\"link\" data-op-select-funnel-step=\"\" data-op3-smooth-scroll=\"0\" data-op-effect-style=\"\" data-op-effect-style-hover=\"\" data-op-courseaction=\"\" rel=\"noopener\">Login<\/a><a href=\"https:\/\/marciomiranda.com.br\/site\" target=\"_self\" data-op-action=\"link\" data-op-select-funnel-step=\"\" data-op3-smooth-scroll=\"0\" rel=\"noopener\"><img loading=\"lazy\" decoding=\"async\" src=\"https:\/\/marciomiranda.com.br\/site\/wp-content\/uploads\/2020\/07\/logo-preto-300x120-1.png\" alt=\"Palestrante de Vendas M\u00e1rcio Miranda\" title=\"Palestrante de Vendas M\u00e1rcio Miranda\" width=\"300\" height=\"120\" data-op3-attachment-id=\"2644\" \/><\/a><a href=\"https:\/\/wa.me\/5511991097186?text=Ol%C3%A1%2C+gostaria+de+saber+mais+sobre+Cursos+e+Treinamentos...\" class=\"op3-link op3-background-ancestor\" target=\"_blank\" data-op-action=\"link\" data-op-select-funnel-step=\"\" data-op3-smooth-scroll=\"0\" data-op-effect-style=\"\" data-op-effect-style-hover=\"\" data-op-courseaction=\"\" rel=\"noopener\">ATENDIMENTO<\/a><\/p>\n<h2>INICIE OU ENCERRE SEU EVENTO COM CHAVE DE OURO: CONHE\u00c7A O GAMESHOW<\/h2>\n<p>Esta \u00e9 sem d\u00favida a melhor maneira de se apresentar um conte\u00fado para os participantes da sua conven\u00e7\u00e3o de Vendas!<\/p>\n<p><a href=\"https:\/\/api.whatsapp.com\/send?phone=5511992094737\" class=\"op3-link op3-background-ancestor\" target=\"_blank\" data-op-action=\"link\" data-op-select-funnel-step=\"\" data-op3-smooth-scroll=\"0\" data-op-effect-style=\"\" data-op-effect-style-hover=\"\" data-op-courseaction=\"\" rel=\"noopener\">SOLICITE UMA DEMONSTRA\u00c7\u00c3O<\/a><\/p>\n<p class=\"op3-counter\" data-op3-counter-start=\"0\" data-op3-counter-end=\"500000\" data-op3-counter-animation-duration=\"1sec\" data-op3-counter-separator=\".\">\n<p>Profissionais Treinados<\/p>\n<p>Para as empresas, o Gameshow ajuda a evidenciar o que foi aprendido e quais conceitos ainda precisam de maiores explica\u00e7\u00f5es para a equipe de vendas!<\/p>\n<p>Estimula a competi\u00e7\u00e3o entre todos os participantes&#8230; Planejado e realizado de maneira profissional, este instrumento se mostra cada vez mais apropriado para ensinar e rever conceitos junto a equipes.<\/p>\n<h2>Afinal, como funciona?<\/h2>\n<p>Participar de GameShows refor\u00e7a o que foi aprendido e promove o aprendizado. Adultos, da mesma maneira que as crian\u00e7as, adoram participar de jogos e disputas.&nbsp;<\/p>\n<p>Eles se excitam, participam ativamente, competem e o mais importante &#8211; aprendem e n\u00e3o esquecem.<\/p>\n<p>OFERECEMOS A VERS\u00c3O DE GAMESHOW PRESENCIAL E AGORA TAMB\u00c9M NA VERS\u00c3O ONLINE<\/p>\n<h2>Gameshow em Detalhes<\/h2>\n<p>PASSO 1<\/p>\n<p>A Workshop sugere um GameShow com dura\u00e7\u00e3o de 90 a 120 minutos, com uso de diversos recursos l\u00fadicos e multim\u00eddia, que em combina\u00e7\u00e3o com os jogos e atividades desenvolvidos especialmente para esta conven\u00e7\u00e3o, vai fazer a equipe comercial pensar sobre o tema e participar o tempo todo!<\/p>\n<p><img decoding=\"async\" src=\"https:\/\/marciomiranda.com.br\/site\/wp-content\/uploads\/2023\/09\/marcio-miranda-gameshow-1.webp\" alt=\"Gameshow com Dennis e M\u00e1rcio Miranda\" title=\"marcio-miranda-gameshow-1\" width=\"532.5\" data-op3-attachment-id=\"5398\" \/>PASSO 2<\/p>\n<p>Desta maneira sugerimos uma demonstra\u00e7\u00e3o pessoal do processo, das ferramentas dispon\u00edveis e dos tipos de jogos que a Workshop pode montar para tornar sua conven\u00e7\u00e3o inesquec\u00edvel. <\/p>\n<p>Dessa forma, toda sua equipe vai conhecer ainda melhor todos os novos produtos, rir, torcer e vibrar muito.<\/p>\n<p><img loading=\"lazy\" decoding=\"async\" src=\"https:\/\/marciomiranda.com.br\/site\/wp-content\/uploads\/2023\/09\/marcio-miranda-gameshow-9.webp\" alt=\"Gameshow com Dennis e M\u00e1rcio Miranda\" title=\"marcio-miranda-gameshow-9\" width=\"2040\" height=\"1632\" data-op3-attachment-id=\"5406\" \/>PASSO 3<\/p>\n<p>Para finalizar, de posse de algumas informa\u00e7\u00f5es b\u00e1sicas, iremos montar um Gameshow Demonstrativo para que o mesmo possa ser avaliado pelos executivos e respons\u00e1veis pelo treinamento. <\/p>\n<p>Certamente todos ficar\u00e3o surpresos com a qualidade, impacto e resultados desta nova tecnologia.<\/p>\n<p><img loading=\"lazy\" decoding=\"async\" src=\"https:\/\/marciomiranda.com.br\/site\/wp-content\/uploads\/2023\/09\/marcio-miranda-gameshow-6.webp\" alt=\"Gameshow com Dennis e M\u00e1rcio Miranda\" title=\"marcio-miranda-gameshow-6\" width=\"2040\" height=\"1632\" data-op3-attachment-id=\"5403\" \/><a href=\"https:\/\/api.whatsapp.com\/send?phone=5511992094737\" class=\"op3-link op3-background-ancestor\" target=\"_blank\" data-op-action=\"link\" data-op-select-funnel-step=\"\" data-op3-smooth-scroll=\"0\" data-op-effect-style=\"\" data-op-effect-style-hover=\"\" data-op-courseaction=\"\" rel=\"noopener\">SOLICITE UMA DEMONSTRA\u00c7\u00c3O<\/a><\/p>\n<h2>Gameshow em Imagens<\/h2>\n<h2>A Workshop busca continuamente o que existe de mais moderno e eficaz nos eventos internacionais para capacitar sua equipe com o melhor padr\u00e3o existente. Nossos cursos s\u00e3o ministrados nos Estados Unidos e Europa, comprovando a qualidade e praticidade das informa\u00e7\u00f5es que sua equipe vai receber de M\u00e1rcio Miranda.<\/h2>\n<p><a href=\"https:\/\/api.whatsapp.com\/send?phone=5511992094737\" class=\"op3-link op3-background-ancestor\" target=\"_blank\" data-op-action=\"link\" data-op-select-funnel-step=\"\" data-op3-smooth-scroll=\"0\" data-op-effect-style=\"\" data-op-effect-style-hover=\"\" data-op-courseaction=\"\" rel=\"noopener\">SOLICITE UMA DEMONSTRA\u00c7\u00c3O<\/a><\/p>\n<h2>Por que as informa\u00e7\u00f5es n\u00e3o s\u00e3o facilmente esquecidas?<\/h2>\n<h2>&#8230;porque mexem com nossa emo\u00e7\u00e3o!<\/h2>\n<p>Emo\u00e7\u00f5es positivas permitem ao c\u00e9rebro fazer associa\u00e7\u00f5es de id\u00e9ias e lembrar de conceitos intang\u00edveis com maior clareza. <\/p>\n<p>Ganhar \u00e9 uma quest\u00e3o de honra quando fazemos parte de uma equipe. Ningu\u00e9m quer parecer despreparado e decepcionar os colegas do mesmo time. <\/p>\n<p>At\u00e9 mesmo os mais t\u00edmidos participam de forma efetiva e querem ganhar. Vendedores s\u00e3o por natureza bastante competitivos e adoram desafios.<\/p>\n<p>Quem DEVE participar do Gameshow?<\/p>\n<p>Na verdade, TODOS DA SUA EMPRESA podem participar do GAMESHOW!&nbsp;Profissionais das \u00e1reas de vendas, gerentes, supervisores e representantes. Vendedores experientes e novatos v\u00e3o vibrar com os conceitos, jogos, atividades e participa\u00e7\u00e3o do grupo. Sua equipe de vendas vai sair motivada e conhecendo bastante os novos lan\u00e7amentos. E o retorno ser\u00e1 imediato.<\/p>\n<h2>Quem \u00e9 M\u00e1rcio Miranda<\/h2>\n<p>M\u00e1rcio \u00e9 um profissional experiente e considerado um expert em vendas e negocia\u00e7\u00e3o com mais de 30 anos na \u00e1rea!<\/p>\n<p>M\u00e1rcio Miranda \u00e9 um empres\u00e1rio de sucesso, reconhecido nos meios empresariais por sua extrema habilidade como negociador.&nbsp;<\/p>\n<p>Ele \u00e9 o verdadeiro homem de neg\u00f3cios, sendo considerado um expert em negocia\u00e7\u00e3o e vendas.&nbsp;<\/p>\n<p>Iniciou sua carreira nos Estados Unidos, onde graduou-se em Engenharia Eletr\u00f4nica e trabalhou por muitos anos.&nbsp;<\/p>\n<p>Foi vice-presidente do maior fabricante de guindastes e escavadeiras nos EUA, e comprou a f\u00e1brica brasileira desta empresa com o resultado de suas vendas e comiss\u00f5es.&nbsp;<\/p>\n<p>M\u00e1rcio \u00e9 autor de 5 livros sobre Negocia\u00e7\u00e3o e 353 v\u00eddeos de vendas e negocia\u00e7\u00e3o. Sua linguagem simples e direta descomplica o processo de vendas e negocia\u00e7\u00e3o \u2013 o conte\u00fado \u00e9 pr\u00e1tico.&nbsp;<\/p>\n<p>Seus programas semanais em v\u00eddeo e \u00e1udio (podcasts) ocupam o primeiro lugar do ranking da Apple iTunes por cinco anos consecutivos.&nbsp;<\/p>\n<p>\u00c9 diretor executivo e fundador da C\u00e2mara de Com\u00e9rcio Brasil-R\u00fassia.&nbsp;<\/p>\n<p>Foi comentarista da Rede Globo, no programa Pequenas Empresas Grandes Neg\u00f3cios durante tr\u00eas anos. \u00c9 comentarista da r\u00e1dio JovemPan em S\u00e3o Paulo.<\/p>\n<h2>Um Gameshow deve ser totalmente personalizado para que surta os efeitos desejados.<\/h2>\n<p>As perguntas devem refletir os conhecimentos que foram passados durante a Conven\u00e7\u00e3o ou que apesar de antigos, ainda n\u00e3o foram totalmente assimilados pela sua equipe comercial.<\/p>\n<p><a href=\"https:\/\/api.whatsapp.com\/send?phone=5511992094737\" class=\"op3-link op3-background-ancestor\" target=\"_blank\" data-op-action=\"link\" data-op-select-funnel-step=\"\" data-op3-smooth-scroll=\"\" data-op-effect-style=\"\" data-op-effect-style-hover=\"\" data-op-courseaction=\"\" rel=\"noopener\">SOLICITE UMA DEMONSTRA\u00c7\u00c3O<\/a><a href=\"https:\/\/api.whatsapp.com\/send?phone=5511992094737\" class=\"op3-link op3-background-ancestor\" target=\"_blank\" data-op-action=\"link\" data-op-select-funnel-step=\"\" data-op3-smooth-scroll=\"\" data-op-effect-style=\"\" data-op-effect-style-hover=\"\" data-op-courseaction=\"\" rel=\"noopener\">D\u00favidas?<\/a><\/p>\n<h2>LEVE O GAMESHOW PARA O EVENTO DA SUA EMPRESA<\/h2>\n<h2>Planejado e realizado de maneira profissional, o GAMESHOW se mostra cada vez mais apropriado para ensinar e rever conceitos junto a equipes.<\/h2>\n<h2>Muitas vezes as empresas se preocupam bastante em passar toneladas de informa\u00e7\u00f5es sobre novos produtos e servi\u00e7os, mas se esquecem de um fator fundamental &#8211; ser\u00e1 que a equipe realmente entendeu todo o conte\u00fado e vai conseguir colocar em pr\u00e1tica tudo o que viu?<\/h2>\n<h4>Aplica\u00e7\u00e3o Imediata<\/h4>\n<p>Comprovadamente, sua equipe vai negociar melhor logo ap\u00f3s o evento, pois vai absorver todo o conte\u00fado. As informa\u00e7\u00f5es s\u00e3o pr\u00e1ticas e podem ser aplicadas logo ap\u00f3s este curso.<\/p>\n<h4>100% Aprovado<\/h4>\n<p>A maior prova que o Gameshow traze resultados mensur\u00e1veis est\u00e1 aqui \u2013 80% dos contratantes s\u00e3o provenientes de indica\u00e7\u00f5es de quem j\u00e1 esteve presente em eventos anteriores.<\/p>\n<h2>Alto grau de reten\u00e7\u00e3o<\/h2>\n<p>As t\u00e9cnicas usadas s\u00e3o reais, n\u00e3o acad\u00eamicas, e \u00e9 um grande sucesso em todos os eventos que participamos. No Gameshow voc\u00ea n\u00e3o vai apenas \u201cassistir\u201d o evento, e sim interagir e participar!<\/p>\n<h2>TESTEMUNHOS IMPORTANTES<\/h2>\n<h2>Quem conhece os M\u00e9todos e Treinamentos do M\u00e1rcio Aprova e Recomenda!<\/h2>\n<p>Veja o testemunho e alguns clientes importantes que j\u00e1 conhecem e fizeram o treinamento elaborado por M\u00e1rcio Miranda.<\/p>\n<h2>Baixe meu Cart\u00e3o de Visita Digital<\/h2>\n<p>Tenha um contato direto comigo e acesso f\u00e1cil \u00e0s minhas redes e a aos meus treinamentos.<\/p>\n<p><img loading=\"lazy\" decoding=\"async\" src=\"https:\/\/marciomiranda.com.br\/site\/wp-content\/uploads\/2023\/07\/qr-code-carta-marcio-miranda.jpeg\" alt=\"\" title=\"qr-code-carta-marcio-miranda\" width=\"350\" height=\"350\" data-op3-attachment-id=\"5240\" \/><a href=\"https:\/\/taggo.one\/marciomiranda\" class=\"op3-link op3-background-ancestor\" target=\"_blank\" data-op-action=\"link\" data-op-select-funnel-step=\"\" data-op3-smooth-scroll=\"0\" data-op-effect-style=\"\" data-op-effect-style-hover=\"\" data-op-courseaction=\"\" rel=\"noopener\">SE PREFERIR, CLIQUE AQUI<\/a><img loading=\"lazy\" decoding=\"async\" src=\"https:\/\/marciomiranda.com.br\/site\/wp-content\/uploads\/2023\/07\/cartao-marcio-miranda.webp\" alt=\"Palestrante de Vendas M\u00e1rcio Miranda\" title=\"Palestrante de Vendas M\u00e1rcio Miranda\" width=\"388\" height=\"735\" data-op3-attachment-id=\"5173\" \/><img loading=\"lazy\" decoding=\"async\" src=\"https:\/\/marciomiranda.com.br\/site\/wp-content\/uploads\/2023\/01\/logo-workshop-2021.png\" alt=\"\" title=\"logo-workshop-2021\" width=\"300\" height=\"61\" data-op3-attachment-id=\"4293\" \/><\/p>\n<p>Email:&nbsp;<a href=\"mailto:marcio@marciomiranda.com.br\">marcio@marciomiranda.com.br<\/a><\/p>\n<p>Ligue para:&nbsp;(11) 4117-8810 | (11) 3280-5464<\/p>\n<p>\u00a9&nbsp;Copyright Palestrante M\u00e1rcio Miranda.&nbsp; Todos os Direitos Reservados<\/p>\n<p><a class=\"op3-element__link op3-element-icon__link op3-link\" href=\"https:\/\/www.facebook.com\/MarcioMirandaWorkshop\" target=\"_blank\" data-op-action=\"link\" data-op-select-funnel-step=\"\" data-op3-smooth-scroll=\"0\" rel=\"noopener\"><\/a><a class=\"op3-element__link op3-element-icon__link op3-link\" href=\"https:\/\/br.linkedin.com\/in\/marciomiranda10\" target=\"_blank\" data-op-action=\"link\" data-op-select-funnel-step=\"\" data-op3-smooth-scroll=\"0\" rel=\"noopener\"><\/a><a class=\"op3-element__link op3-element-icon__link op3-link\" href=\"https:\/\/www.instagram.com\/marcioworkshop\/\" target=\"_blank\" data-op-action=\"link\" data-op-select-funnel-step=\"\" data-op3-smooth-scroll=\"0\" rel=\"noopener\"><\/a><a class=\"op3-element__link op3-element-icon__link op3-link\" href=\"https:\/\/www.youtube.com\/user\/workshop2011\" target=\"_blank\" data-op-action=\"link\" data-op-select-funnel-step=\"\" data-op3-smooth-scroll=\"0\" rel=\"noopener\"><\/a><a class=\"op3-element__link op3-element-icon__link op3-link\" href=\"https:\/\/api.whatsapp.com\/send?phone=5511991097186\" target=\"_blank\" data-op-action=\"link\" data-op-select-funnel-step=\"\" data-op3-smooth-scroll=\"0\" rel=\"noopener\"><\/a><\/p>\n","protected":false},"excerpt":{"rendered":"<p>Ligue para:&nbsp;(11) 4117-8810 | (11) 3280-5464 I I LoginATENDIMENTO INICIE OU ENCERRE SEU EVENTO COM CHAVE DE OURO: CONHE\u00c7A O GAMESHOW Esta \u00e9 sem d\u00favida a melhor maneira de se apresentar um conte\u00fado para os participantes da sua conven\u00e7\u00e3o de Vendas! SOLICITE UMA DEMONSTRA\u00c7\u00c3O Profissionais Treinados Para as empresas, o Gameshow ajuda a evidenciar o [&hellip;]<\/p>\n","protected":false},"author":2,"featured_media":5398,"parent":4496,"menu_order":0,"comment_status":"closed","ping_status":"closed","template":"op_builder_blank","meta":{"footnotes":""},"categories":[],"tags":[],"class_list":["post-3299","page","type-page","status-publish","has-post-thumbnail","hentry"],"_links":{"self":[{"href":"https:\/\/marciomiranda.com.br\/site\/wp-json\/wp\/v2\/pages\/3299","targetHints":{"allow":["GET"]}}],"collection":[{"href":"https:\/\/marciomiranda.com.br\/site\/wp-json\/wp\/v2\/pages"}],"about":[{"href":"https:\/\/marciomiranda.com.br\/site\/wp-json\/wp\/v2\/types\/page"}],"author":[{"embeddable":true,"href":"https:\/\/marciomiranda.com.br\/site\/wp-json\/wp\/v2\/users\/2"}],"replies":[{"embeddable":true,"href":"https:\/\/marciomiranda.com.br\/site\/wp-json\/wp\/v2\/comments?post=3299"}],"version-history":[{"count":86,"href":"https:\/\/marciomiranda.com.br\/site\/wp-json\/wp\/v2\/pages\/3299\/revisions"}],"predecessor-version":[{"id":6498,"href":"https:\/\/marciomiranda.com.br\/site\/wp-json\/wp\/v2\/pages\/3299\/revisions\/6498"}],"up":[{"embeddable":true,"href":"https:\/\/marciomiranda.com.br\/site\/wp-json\/wp\/v2\/pages\/4496"}],"wp:featuredmedia":[{"embeddable":true,"href":"https:\/\/marciomiranda.com.br\/site\/wp-json\/wp\/v2\/media\/5398"}],"wp:attachment":[{"href":"https:\/\/marciomiranda.com.br\/site\/wp-json\/wp\/v2\/media?parent=3299"}],"wp:term":[{"taxonomy":"category","embeddable":true,"href":"https:\/\/marciomiranda.com.br\/site\/wp-json\/wp\/v2\/categories?post=3299"},{"taxonomy":"post_tag","embeddable":true,"href":"https:\/\/marciomiranda.com.br\/site\/wp-json\/wp\/v2\/tags?post=3299"}],"curies":[{"name":"wp","href":"https:\/\/api.w.org\/{rel}","templated":true}]}}